{"id":2932,"date":"2025-01-31T15:17:40","date_gmt":"2025-01-31T14:17:40","guid":{"rendered":"https:\/\/prototyp-2-website.spitzen-tech.de\/leon-borst\/"},"modified":"2025-06-20T13:48:12","modified_gmt":"2025-06-20T11:48:12","slug":"leon-borst","status":"publish","type":"page","link":"https:\/\/challengelearning.com\/fr\/leon-borst\/","title":{"rendered":"Leon Borst"},"content":{"rendered":"<p>[et_pb_section fb_built=\u00a0\u00bb1&Prime; _builder_version=\u00a0\u00bb4.27.4&Prime; _module_preset=\u00a0\u00bbdefault\u00a0\u00bb global_colors_info=\u00a0\u00bb{}\u00a0\u00bb][et_pb_row column_structure=\u00a0\u00bb1_3,2_3&Prime; _builder_version=\u00a0\u00bb4.27.4&Prime; _module_preset=\u00a0\u00bbdefault\u00a0\u00bb animation_style=\u00a0\u00bbslide\u00a0\u00bb animation_direction=\u00a0\u00bbtop\u00a0\u00bb global_colors_info=\u00a0\u00bb{}\u00a0\u00bb][et_pb_column type=\u00a0\u00bb1_3&Prime; _builder_version=\u00a0\u00bb4.27.4&Prime; _module_preset=\u00a0\u00bbdefault\u00a0\u00bb global_colors_info=\u00a0\u00bb{}\u00a0\u00bb][et_pb_image src=\u00a0\u00bbhttps:\/\/challengelearning.com\/wp-content\/uploads\/2025\/01\/Bild_Leon_Borst.jpg\u00a0\u00bb alt=\u00a0\u00bbBild_Leon_Borst\u00a0\u00bb title_text=\u00a0\u00bbBild_Leon_Borst\u00a0\u00bb _builder_version=\u00a0\u00bb4.27.4&Prime; _module_preset=\u00a0\u00bbdefault\u00a0\u00bb animation_direction=\u00a0\u00bbtop\u00a0\u00bb global_colors_info=\u00a0\u00bb{}\u00a0\u00bb][\/et_pb_image][\/et_pb_column][et_pb_column type=\u00a0\u00bb2_3&Prime; _builder_version=\u00a0\u00bb4.27.4&Prime; _module_preset=\u00a0\u00bbdefault\u00a0\u00bb global_colors_info=\u00a0\u00bb{}\u00a0\u00bb][et_pb_text _builder_version=\u00a0\u00bb4.27.4&Prime; _module_preset=\u00a0\u00bbdefault\u00a0\u00bb header_font=\u00a0\u00bb|600|||||||\u00a0\u00bb header_text_color=\u00a0\u00bb#be2827&Prime; header_line_height=\u00a0\u00bb1.3em\u00a0\u00bb header_2_font_size=\u00a0\u00bb22px\u00a0\u00bb header_2_line_height=\u00a0\u00bb1.5em\u00a0\u00bb header_3_font_size=\u00a0\u00bb20px\u00a0\u00bb header_3_line_height=\u00a0\u00bb1.3em\u00a0\u00bb hover_enabled=\u00a0\u00bb0&Prime; header_font_size_tablet=\u00a0\u00bb\u00a0\u00bb header_font_size_phone=\u00a0\u00bb\u00a0\u00bb header_font_size_last_edited=\u00a0\u00bbon|phone\u00a0\u00bb header_2_font_size_tablet=\u00a0\u00bb22px\u00a0\u00bb header_2_font_size_phone=\u00a0\u00bb22px\u00a0\u00bb header_2_font_size_last_edited=\u00a0\u00bbon|phone\u00a0\u00bb header_3_font_size_tablet=\u00a0\u00bb20px\u00a0\u00bb header_3_font_size_phone=\u00a0\u00bb20px\u00a0\u00bb header_3_font_size_last_edited=\u00a0\u00bbon|phone\u00a0\u00bb global_colors_info=\u00a0\u00bb{}\u00a0\u00bb sticky_enabled=\u00a0\u00bb0&Prime;]<\/p>\n<h1>Leon Borst<\/h1>\n<h2>Associ\u00e9 g\u00e9rant<\/h2>\n<h3><strong>Pays-Bas<\/strong><\/h3>\n<p>[\/et_pb_text][et_pb_text _builder_version=\u00a0\u00bb4.27.4&Prime; _module_preset=\u00a0\u00bbdefault\u00a0\u00bb header_2_font=\u00a0\u00bb|600|||||||\u00a0\u00bb header_2_text_color=\u00a0\u00bb#be2827&Prime; header_2_font_size=\u00a0\u00bb40px\u00a0\u00bb header_2_line_height=\u00a0\u00bb1.5em\u00a0\u00bb header_3_font_size=\u00a0\u00bb30px\u00a0\u00bb header_3_line_height=\u00a0\u00bb1.5em\u00a0\u00bb hover_enabled=\u00a0\u00bb0&Prime; header_2_font_size_tablet=\u00a0\u00bb35px\u00a0\u00bb header_2_font_size_phone=\u00a0\u00bb30px\u00a0\u00bb header_2_font_size_last_edited=\u00a0\u00bbon|phone\u00a0\u00bb header_3_font_size_tablet=\u00a0\u00bb\u00a0\u00bb header_3_font_size_phone=\u00a0\u00bb22px\u00a0\u00bb header_3_font_size_last_edited=\u00a0\u00bbon|desktop\u00a0\u00bb global_colors_info=\u00a0\u00bb{}\u00a0\u00bb sticky_enabled=\u00a0\u00bb0&Prime;]<\/p>\n<p>Leon est un consultant en changement et formateur en management \u00e9nergique et exp\u00e9riment\u00e9. Son travail est ax\u00e9 sur la compr\u00e9hension et l\u2019exploration de la dynamique humaine dans les \u00e9quipes et les organisations, dans le but d\u2019atteindre les meilleurs r\u00e9sultats d\u2019activit\u00e9 possible. Il n\u2019est jamais aussi heureux que lorsqu\u2019il aide les entreprises \u00e0 accro\u00eetre leur force de conviction et \u00e0 r\u00e9aliser leur potentiel. En tant que consultant, il sait \u00e0 quel point les syst\u00e8mes et le contexte mod\u00e8lent les comportements et en profite pour aider les entreprises \u00e0 transformer leur culture ou leur strat\u00e9gie.<\/p>\n<p>Leon est un animateur d\u2019\u00e9quipe chevronn\u00e9, sp\u00e9cialiste de la communication et de l\u2019am\u00e9lioration des performances de projet des \u00e9quipes. Afin de consolider durablement apprentissages et progr\u00e8s, il adopte une approche par l\u2019exp\u00e9rience, ax\u00e9e sur les processus. Ses sp\u00e9cialit\u00e9s vont du leadership et du d\u00e9veloppement d\u2019\u00e9quipes \u00e0 la gestion des changements et \u00e0 la facilitation des processus.<\/p>\n<p>Leon s\u2019attache \u00e0 ne pas donner seulement de bonnes id\u00e9es \u00ab \u00e0 emporter \u00bb \u00e0 ses clients, mais esquisse aussi pour eux des \u00e9tapes concr\u00e8tes \u00e0 suivre pour am\u00e9liorer leur activit\u00e9 et combler le foss\u00e9 entre \u00ab savoir \u00bb et \u00ab faire \u00bb.<\/p>\n<p>Leon est actuellement directeur g\u00e9n\u00e9ral de Challenge Learning aux Pays-Bas. Il a ex\u00e9cut\u00e9 des projets en n\u00e9erlandais, en anglais et en allemand, atteignant toujours les meilleurs scores de notation chez ses nombreux clients internationaux.<\/p>\n<p>[\/et_pb_text][\/et_pb_column][\/et_pb_row][\/et_pb_section]<\/p>\n","protected":false},"excerpt":{"rendered":"<p>Leon Borst Associ\u00e9 g\u00e9rant Pays-BasLeon est un consultant en changement et formateur en management \u00e9nergique et exp\u00e9riment\u00e9. Son travail est ax\u00e9 sur la compr\u00e9hension et l\u2019exploration de la dynamique humaine dans les \u00e9quipes et les organisations, dans le but d\u2019atteindre les meilleurs r\u00e9sultats d\u2019activit\u00e9 possible. Il n\u2019est jamais aussi heureux que lorsqu\u2019il aide les entreprises [&hellip;]<\/p>\n","protected":false},"author":4,"featured_media":0,"parent":0,"menu_order":0,"comment_status":"closed","ping_status":"closed","template":"","meta":{"_et_pb_use_builder":"on","_et_pb_old_content":"","_et_gb_content_width":"","footnotes":""},"class_list":["post-2932","page","type-page","status-publish","hentry"],"_links":{"self":[{"href":"https:\/\/challengelearning.com\/fr\/wp-json\/wp\/v2\/pages\/2932","targetHints":{"allow":["GET"]}}],"collection":[{"href":"https:\/\/challengelearning.com\/fr\/wp-json\/wp\/v2\/pages"}],"about":[{"href":"https:\/\/challengelearning.com\/fr\/wp-json\/wp\/v2\/types\/page"}],"author":[{"embeddable":true,"href":"https:\/\/challengelearning.com\/fr\/wp-json\/wp\/v2\/users\/4"}],"replies":[{"embeddable":true,"href":"https:\/\/challengelearning.com\/fr\/wp-json\/wp\/v2\/comments?post=2932"}],"version-history":[{"count":3,"href":"https:\/\/challengelearning.com\/fr\/wp-json\/wp\/v2\/pages\/2932\/revisions"}],"predecessor-version":[{"id":2936,"href":"https:\/\/challengelearning.com\/fr\/wp-json\/wp\/v2\/pages\/2932\/revisions\/2936"}],"wp:attachment":[{"href":"https:\/\/challengelearning.com\/fr\/wp-json\/wp\/v2\/media?parent=2932"}],"curies":[{"name":"wp","href":"https:\/\/api.w.org\/{rel}","templated":true}]}}