{"id":2903,"date":"2025-01-31T12:39:46","date_gmt":"2025-01-31T11:39:46","guid":{"rendered":"https:\/\/prototyp-2-website.spitzen-tech.de\/marie-antoinette-orsini\/"},"modified":"2025-06-20T13:20:20","modified_gmt":"2025-06-20T11:20:20","slug":"marie-antoinette-orsini","status":"publish","type":"page","link":"https:\/\/challengelearning.com\/fr\/marie-antoinette-orsini\/","title":{"rendered":"Marie Antoinette Orsini"},"content":{"rendered":"<p>[et_pb_section fb_built=\u00a0\u00bb1&Prime; _builder_version=\u00a0\u00bb4.27.4&Prime; _module_preset=\u00a0\u00bbdefault\u00a0\u00bb global_colors_info=\u00a0\u00bb{}\u00a0\u00bb][et_pb_row column_structure=\u00a0\u00bb1_3,2_3&Prime; _builder_version=\u00a0\u00bb4.27.4&Prime; _module_preset=\u00a0\u00bbdefault\u00a0\u00bb animation_style=\u00a0\u00bbslide\u00a0\u00bb animation_direction=\u00a0\u00bbtop\u00a0\u00bb global_colors_info=\u00a0\u00bb{}\u00a0\u00bb][et_pb_column type=\u00a0\u00bb1_3&Prime; _builder_version=\u00a0\u00bb4.27.4&Prime; _module_preset=\u00a0\u00bbdefault\u00a0\u00bb global_colors_info=\u00a0\u00bb{}\u00a0\u00bb][et_pb_image src=\u00a0\u00bbhttps:\/\/challengelearning.com\/wp-content\/uploads\/2025\/01\/Bild_Marie-Antoinette-Orsini.jpg\u00a0\u00bb title_text=\u00a0\u00bbBild_Marie-Antoinette-Orsini\u00a0\u00bb _builder_version=\u00a0\u00bb4.27.4&Prime; _module_preset=\u00a0\u00bbdefault\u00a0\u00bb animation_direction=\u00a0\u00bbtop\u00a0\u00bb global_colors_info=\u00a0\u00bb{}\u00a0\u00bb][\/et_pb_image][\/et_pb_column][et_pb_column type=\u00a0\u00bb2_3&Prime; _builder_version=\u00a0\u00bb4.27.4&Prime; _module_preset=\u00a0\u00bbdefault\u00a0\u00bb global_colors_info=\u00a0\u00bb{}\u00a0\u00bb][et_pb_text _builder_version=\u00a0\u00bb4.27.4&Prime; _module_preset=\u00a0\u00bbdefault\u00a0\u00bb header_font=\u00a0\u00bb|600|||||||\u00a0\u00bb header_text_color=\u00a0\u00bb#be2827&Prime; header_line_height=\u00a0\u00bb1.3em\u00a0\u00bb header_2_font_size=\u00a0\u00bb22px\u00a0\u00bb header_2_line_height=\u00a0\u00bb1.5em\u00a0\u00bb header_3_font_size=\u00a0\u00bb20px\u00a0\u00bb header_3_line_height=\u00a0\u00bb1.3em\u00a0\u00bb hover_enabled=\u00a0\u00bb0&Prime; header_font_size_tablet=\u00a0\u00bb\u00a0\u00bb header_font_size_phone=\u00a0\u00bb\u00a0\u00bb header_font_size_last_edited=\u00a0\u00bbon|phone\u00a0\u00bb header_2_font_size_tablet=\u00a0\u00bb22px\u00a0\u00bb header_2_font_size_phone=\u00a0\u00bb22px\u00a0\u00bb header_2_font_size_last_edited=\u00a0\u00bbon|phone\u00a0\u00bb header_3_font_size_tablet=\u00a0\u00bb20px\u00a0\u00bb header_3_font_size_phone=\u00a0\u00bb20px\u00a0\u00bb header_3_font_size_last_edited=\u00a0\u00bbon|phone\u00a0\u00bb global_colors_info=\u00a0\u00bb{}\u00a0\u00bb sticky_enabled=\u00a0\u00bb0&Prime;]<\/p>\n<h1>Marie Antoinette Orsini<br \/>(A.K.A. Nanette)<\/h1>\n<h2>Cofondatrice et associ\u00e9e g\u00e9rante<\/h2>\n<h3><strong>France<\/strong><\/h3>\n<p>[\/et_pb_text][et_pb_text _builder_version=\u00a0\u00bb4.27.4&Prime; _module_preset=\u00a0\u00bbdefault\u00a0\u00bb header_2_font=\u00a0\u00bb|600|||||||\u00a0\u00bb header_2_text_color=\u00a0\u00bb#be2827&Prime; header_2_font_size=\u00a0\u00bb40px\u00a0\u00bb header_2_line_height=\u00a0\u00bb1.5em\u00a0\u00bb header_3_font_size=\u00a0\u00bb30px\u00a0\u00bb header_3_line_height=\u00a0\u00bb1.5em\u00a0\u00bb hover_enabled=\u00a0\u00bb0&Prime; header_2_font_size_tablet=\u00a0\u00bb35px\u00a0\u00bb header_2_font_size_phone=\u00a0\u00bb30px\u00a0\u00bb header_2_font_size_last_edited=\u00a0\u00bbon|phone\u00a0\u00bb header_3_font_size_tablet=\u00a0\u00bb\u00a0\u00bb header_3_font_size_phone=\u00a0\u00bb22px\u00a0\u00bb header_3_font_size_last_edited=\u00a0\u00bbon|desktop\u00a0\u00bb global_colors_info=\u00a0\u00bb{}\u00a0\u00bb sticky_enabled=\u00a0\u00bb0&Prime;]<\/p>\n<p>Cofondatrice de Challenge Learning, Nanette pr\u00e9side aux destin\u00e9es et au d\u00e9veloppement de l\u2019organisation depuis vingt ans. Elle est la source d\u2019inspiration et d\u2019information d\u2019un vaste r\u00e9seau de coll\u00e8gues, de clients et d\u2019amis dans le domaine du d\u00e9veloppement des organisations.<\/p>\n<p>Nanette se sp\u00e9cialiste dans la facilitation, la conception de formations et l\u2019animation en fran\u00e7ais, anglais, italien et espagnol. Dans ses fonctions de conseill\u00e8re d\u2019entreprise, consultante en processus, conceptrice de programmes et animatrice, elle apporte \u00e0 chaque mission son \u00e9nergie, sa curiosit\u00e9 et son sens de l\u2019humour.<\/p>\n<p>Forte d\u2019une vaste exp\u00e9rience internationale du monde de l\u2019entreprise, des conf\u00e9rences \u00e0 la gestion des grands projets de changement, tr\u00e8s appr\u00e9ci\u00e9e de ses nombreux clients, Nanette est un atout pr\u00e9cieux pour Challenge Learning.<\/p>\n<p>[\/et_pb_text][\/et_pb_column][\/et_pb_row][\/et_pb_section]<\/p>\n","protected":false},"excerpt":{"rendered":"<p>Marie Antoinette Orsini(A.K.A. Nanette) Cofondatrice et associ\u00e9e g\u00e9rante FranceCofondatrice de Challenge Learning, Nanette pr\u00e9side aux destin\u00e9es et au d\u00e9veloppement de l\u2019organisation depuis vingt ans. Elle est la source d\u2019inspiration et d\u2019information d\u2019un vaste r\u00e9seau de coll\u00e8gues, de clients et d\u2019amis dans le domaine du d\u00e9veloppement des organisations. Nanette se sp\u00e9cialiste dans la facilitation, la conception [&hellip;]<\/p>\n","protected":false},"author":4,"featured_media":0,"parent":0,"menu_order":0,"comment_status":"closed","ping_status":"closed","template":"","meta":{"_et_pb_use_builder":"on","_et_pb_old_content":"","_et_gb_content_width":"","footnotes":""},"class_list":["post-2903","page","type-page","status-publish","hentry"],"_links":{"self":[{"href":"https:\/\/challengelearning.com\/fr\/wp-json\/wp\/v2\/pages\/2903","targetHints":{"allow":["GET"]}}],"collection":[{"href":"https:\/\/challengelearning.com\/fr\/wp-json\/wp\/v2\/pages"}],"about":[{"href":"https:\/\/challengelearning.com\/fr\/wp-json\/wp\/v2\/types\/page"}],"author":[{"embeddable":true,"href":"https:\/\/challengelearning.com\/fr\/wp-json\/wp\/v2\/users\/4"}],"replies":[{"embeddable":true,"href":"https:\/\/challengelearning.com\/fr\/wp-json\/wp\/v2\/comments?post=2903"}],"version-history":[{"count":3,"href":"https:\/\/challengelearning.com\/fr\/wp-json\/wp\/v2\/pages\/2903\/revisions"}],"predecessor-version":[{"id":2907,"href":"https:\/\/challengelearning.com\/fr\/wp-json\/wp\/v2\/pages\/2903\/revisions\/2907"}],"wp:attachment":[{"href":"https:\/\/challengelearning.com\/fr\/wp-json\/wp\/v2\/media?parent=2903"}],"curies":[{"name":"wp","href":"https:\/\/api.w.org\/{rel}","templated":true}]}}