{"id":2678,"date":"2025-06-09T14:46:28","date_gmt":"2025-06-09T12:46:28","guid":{"rendered":"https:\/\/prototyp-2-website.spitzen-tech.de\/ubaldo-della-guerra\/"},"modified":"2025-06-11T14:00:41","modified_gmt":"2025-06-11T12:00:41","slug":"ubaldo-della-guerra","status":"publish","type":"page","link":"https:\/\/challengelearning.com\/fr\/ubaldo-della-guerra\/","title":{"rendered":"Ubaldo Della Guerra"},"content":{"rendered":"<p>[et_pb_section fb_built=\u00a0\u00bb1&Prime; _builder_version=\u00a0\u00bb4.27.4&Prime; _module_preset=\u00a0\u00bbdefault\u00a0\u00bb global_colors_info=\u00a0\u00bb{}\u00a0\u00bb][et_pb_row column_structure=\u00a0\u00bb1_3,2_3&Prime; _builder_version=\u00a0\u00bb4.27.4&Prime; _module_preset=\u00a0\u00bbdefault\u00a0\u00bb animation_style=\u00a0\u00bbslide\u00a0\u00bb animation_direction=\u00a0\u00bbtop\u00a0\u00bb global_colors_info=\u00a0\u00bb{}\u00a0\u00bb][et_pb_column type=\u00a0\u00bb1_3&Prime; _builder_version=\u00a0\u00bb4.27.4&Prime; _module_preset=\u00a0\u00bbdefault\u00a0\u00bb global_colors_info=\u00a0\u00bb{}\u00a0\u00bb][et_pb_image src=\u00a0\u00bbhttps:\/\/challengelearning.com\/wp-content\/uploads\/2025\/06\/Bild_Ubaldo_Della_Guerra.jpg\u00a0\u00bb alt=\u00a0\u00bbBild_Ubaldo_Della_Guerra\u00a0\u00bb title_text=\u00a0\u00bbBild_Ubaldo_Della_Guerra\u00a0\u00bb _builder_version=\u00a0\u00bb4.27.4&Prime; _module_preset=\u00a0\u00bbdefault\u00a0\u00bb animation_direction=\u00a0\u00bbtop\u00a0\u00bb global_colors_info=\u00a0\u00bb{}\u00a0\u00bb][\/et_pb_image][\/et_pb_column][et_pb_column type=\u00a0\u00bb2_3&Prime; _builder_version=\u00a0\u00bb4.27.4&Prime; _module_preset=\u00a0\u00bbdefault\u00a0\u00bb global_colors_info=\u00a0\u00bb{}\u00a0\u00bb][et_pb_text _builder_version=\u00a0\u00bb4.27.4&Prime; _module_preset=\u00a0\u00bbdefault\u00a0\u00bb header_font=\u00a0\u00bb|600|||||||\u00a0\u00bb header_text_color=\u00a0\u00bb#be2827&Prime; header_line_height=\u00a0\u00bb1.3em\u00a0\u00bb header_2_font_size=\u00a0\u00bb22px\u00a0\u00bb header_2_line_height=\u00a0\u00bb1.5em\u00a0\u00bb header_3_font_size=\u00a0\u00bb20px\u00a0\u00bb header_3_line_height=\u00a0\u00bb1.3em\u00a0\u00bb header_font_size_tablet=\u00a0\u00bb\u00a0\u00bb header_font_size_phone=\u00a0\u00bb\u00a0\u00bb header_font_size_last_edited=\u00a0\u00bbon|phone\u00a0\u00bb header_2_font_size_tablet=\u00a0\u00bb22px\u00a0\u00bb header_2_font_size_phone=\u00a0\u00bb22px\u00a0\u00bb header_2_font_size_last_edited=\u00a0\u00bbon|phone\u00a0\u00bb header_3_font_size_tablet=\u00a0\u00bb20px\u00a0\u00bb header_3_font_size_phone=\u00a0\u00bb20px\u00a0\u00bb header_3_font_size_last_edited=\u00a0\u00bbon|phone\u00a0\u00bb global_colors_info=\u00a0\u00bb{}\u00a0\u00bb]<\/p>\n<h1>Ubaldo Della Guerra<\/h1>\n<p>[\/et_pb_text][et_pb_text _builder_version=\u00a0\u00bb4.27.4&Prime; _module_preset=\u00a0\u00bbdefault\u00a0\u00bb header_2_font=\u00a0\u00bb|600|||||||\u00a0\u00bb header_2_text_color=\u00a0\u00bb#be2827&Prime; header_2_font_size=\u00a0\u00bb40px\u00a0\u00bb header_2_line_height=\u00a0\u00bb1.5em\u00a0\u00bb header_3_font_size=\u00a0\u00bb30px\u00a0\u00bb header_3_line_height=\u00a0\u00bb1.5em\u00a0\u00bb hover_enabled=\u00a0\u00bb0&Prime; header_2_font_size_tablet=\u00a0\u00bb35px\u00a0\u00bb header_2_font_size_phone=\u00a0\u00bb30px\u00a0\u00bb header_2_font_size_last_edited=\u00a0\u00bbon|phone\u00a0\u00bb header_3_font_size_tablet=\u00a0\u00bb\u00a0\u00bb header_3_font_size_phone=\u00a0\u00bb22px\u00a0\u00bb header_3_font_size_last_edited=\u00a0\u00bbon|desktop\u00a0\u00bb global_colors_info=\u00a0\u00bb{}\u00a0\u00bb sticky_enabled=\u00a0\u00bb0&Prime;]<\/p>\n<p>Dipl\u00f4m\u00e9 de l\u2019Acad\u00e9mie Nationales des Arts Dramatique de Rome Ubaldo est un formateur qui utilise la ma\u00eetrise de son Art de com\u00e9dien dans les formations manag\u00e9riales et formation de leadership. Expert en communication et en techniques de pr\u00e9sentation il est un coach de grande qualit\u00e9 qui sait inspirer son audience aux diverses techniques de communication, de m\u00e9diations et de gestion des conflits.<\/p>\n<p>Ubaldo intervient en tant que formateur dans les formations sur le changement et invite les personnes \u00e0 prendre conscience de leur fonctionnement et \u00e0 apprendre \u00e0 modifier la perception qu\u2019ils ont de leurs interlocuteurs. Il utilise des exercices issus de techniques th\u00e9\u00e2trales, techniques musicales et des jeux de cr\u00e9ativit\u00e9. Le but \u00e9tant une utilisation optimale de ses ressources en sortant de sa zone de confort. Com\u00e9dien affirm\u00e9, Ubaldo est aussi pianiste, et chanteur et il est un formateur tr\u00e8s appr\u00e9ci\u00e9 par ses participants. Il travail en Fran\u00e7ais et en Italien.<\/p>\n<p>[\/et_pb_text][\/et_pb_column][\/et_pb_row][\/et_pb_section]<\/p>\n","protected":false},"excerpt":{"rendered":"<p>Ubaldo Della GuerraDipl\u00f4m\u00e9 de l\u2019Acad\u00e9mie Nationales des Arts Dramatique de Rome Ubaldo est un formateur qui utilise la ma\u00eetrise de son Art de com\u00e9dien dans les formations manag\u00e9riales et formation de leadership. Expert en communication et en techniques de pr\u00e9sentation il est un coach de grande qualit\u00e9 qui sait inspirer son audience aux diverses techniques [&hellip;]<\/p>\n","protected":false},"author":4,"featured_media":0,"parent":0,"menu_order":0,"comment_status":"closed","ping_status":"closed","template":"","meta":{"_et_pb_use_builder":"on","_et_pb_old_content":"","_et_gb_content_width":"","footnotes":""},"class_list":["post-2678","page","type-page","status-publish","hentry"],"_links":{"self":[{"href":"https:\/\/challengelearning.com\/fr\/wp-json\/wp\/v2\/pages\/2678","targetHints":{"allow":["GET"]}}],"collection":[{"href":"https:\/\/challengelearning.com\/fr\/wp-json\/wp\/v2\/pages"}],"about":[{"href":"https:\/\/challengelearning.com\/fr\/wp-json\/wp\/v2\/types\/page"}],"author":[{"embeddable":true,"href":"https:\/\/challengelearning.com\/fr\/wp-json\/wp\/v2\/users\/4"}],"replies":[{"embeddable":true,"href":"https:\/\/challengelearning.com\/fr\/wp-json\/wp\/v2\/comments?post=2678"}],"version-history":[{"count":3,"href":"https:\/\/challengelearning.com\/fr\/wp-json\/wp\/v2\/pages\/2678\/revisions"}],"predecessor-version":[{"id":2681,"href":"https:\/\/challengelearning.com\/fr\/wp-json\/wp\/v2\/pages\/2678\/revisions\/2681"}],"wp:attachment":[{"href":"https:\/\/challengelearning.com\/fr\/wp-json\/wp\/v2\/media?parent=2678"}],"curies":[{"name":"wp","href":"https:\/\/api.w.org\/{rel}","templated":true}]}}