{"id":987,"date":"2025-03-17T11:33:14","date_gmt":"2025-03-17T10:33:14","guid":{"rendered":"https:\/\/prototyp-2-website.spitzen-tech.de\/?page_id=987"},"modified":"2025-03-17T11:33:33","modified_gmt":"2025-03-17T10:33:33","slug":"dominik-ritter","status":"publish","type":"page","link":"https:\/\/challengelearning.com\/de\/dominik-ritter\/","title":{"rendered":"Dominik Ritter"},"content":{"rendered":"<p>[et_pb_section fb_built=&#8220;1&#8243; _builder_version=&#8220;4.27.4&#8243; _module_preset=&#8220;default&#8220; global_colors_info=&#8220;{}&#8220; theme_builder_area=&#8220;post_content&#8220;][et_pb_row column_structure=&#8220;1_3,2_3&#8243; _builder_version=&#8220;4.27.4&#8243; _module_preset=&#8220;default&#8220; animation_style=&#8220;slide&#8220; animation_direction=&#8220;top&#8220; global_colors_info=&#8220;{}&#8220; theme_builder_area=&#8220;post_content&#8220;][et_pb_column type=&#8220;1_3&#8243; _builder_version=&#8220;4.27.4&#8243; _module_preset=&#8220;default&#8220; global_colors_info=&#8220;{}&#8220; theme_builder_area=&#8220;post_content&#8220;][et_pb_image src=&#8220;https:\/\/challengelearning.com\/wp-content\/uploads\/2025\/03\/Bild_Dominik-Ritter.jpg&#8220; alt=&#8220;Bild_Dominik Ritter&#8220; title_text=&#8220;Bild_Dominik Ritter&#8220; _builder_version=&#8220;4.27.4&#8243; _module_preset=&#8220;default&#8220; animation_direction=&#8220;top&#8220; hover_enabled=&#8220;0&#8243; global_colors_info=&#8220;{}&#8220; theme_builder_area=&#8220;post_content&#8220; sticky_enabled=&#8220;0&#8243;][\/et_pb_image][\/et_pb_column][et_pb_column type=&#8220;2_3&#8243; _builder_version=&#8220;4.27.4&#8243; _module_preset=&#8220;default&#8220; global_colors_info=&#8220;{}&#8220; theme_builder_area=&#8220;post_content&#8220;][et_pb_text _builder_version=&#8220;4.27.4&#8243; _module_preset=&#8220;default&#8220; header_font=&#8220;|600|||||||&#8220; header_text_color=&#8220;#be2827&#8243; header_line_height=&#8220;1.3em&#8220; header_2_font_size=&#8220;22px&#8220; header_2_line_height=&#8220;1.5em&#8220; header_3_font_size=&#8220;20px&#8220; header_3_line_height=&#8220;1.3em&#8220; hover_enabled=&#8220;0&#8243; header_font_size_tablet=&#8220;&#8220; header_font_size_phone=&#8220;&#8220; header_font_size_last_edited=&#8220;on|phone&#8220; header_2_font_size_tablet=&#8220;22px&#8220; header_2_font_size_phone=&#8220;22px&#8220; header_2_font_size_last_edited=&#8220;on|phone&#8220; header_3_font_size_tablet=&#8220;20px&#8220; header_3_font_size_phone=&#8220;20px&#8220; header_3_font_size_last_edited=&#8220;on|phone&#8220; global_colors_info=&#8220;{}&#8220; theme_builder_area=&#8220;post_content&#8220; sticky_enabled=&#8220;0&#8243;]<\/p>\n<h1>Dominik Ritter<\/h1>\n<p>[\/et_pb_text][et_pb_text _builder_version=&#8220;4.27.4&#8243; _module_preset=&#8220;default&#8220; header_2_font=&#8220;|600|||||||&#8220; header_2_text_color=&#8220;#be2827&#8243; header_2_font_size=&#8220;40px&#8220; header_2_line_height=&#8220;1.5em&#8220; header_3_font_size=&#8220;30px&#8220; header_3_line_height=&#8220;1.5em&#8220; hover_enabled=&#8220;0&#8243; header_2_font_size_tablet=&#8220;35px&#8220; header_2_font_size_phone=&#8220;30px&#8220; header_2_font_size_last_edited=&#8220;on|phone&#8220; header_3_font_size_tablet=&#8220;&#8220; header_3_font_size_phone=&#8220;22px&#8220; header_3_font_size_last_edited=&#8220;on|desktop&#8220; global_colors_info=&#8220;{}&#8220; theme_builder_area=&#8220;post_content&#8220; sticky_enabled=&#8220;0&#8243;]<\/p>\n<p>Dominik Ritter ist als Management-Trainer und Berater f\u00fcr Challenge Learning t\u00e4tig. Ein Schwerpunkt seiner Arbeit ist die Durchf\u00fchrung von Personal- und Organisationsentwicklungsma\u00dfnahmen, sowie die Moderation von Gro\u00dfgruppenveranstaltungen. Hierbei l\u00e4sst Dominik gerne seine Erkenntnisse aus mehr als 10 Berufsjahren als Personalentwickler einflie\u00dfen.<\/p>\n<p>Sein sportwissenschaftliches Studium, die Prozessbegleitung mehrerer umfassende Change Projekte im Bereich Gesundheitsmanagement in mittelst\u00e4ndischen Unternehmen und Konzernen, sowie seine Ausbildung und Arbeit als sportpsychologischer Berater zeichnen Dominik in unserem Trainerteam als Gesundheitsexperten aus.<\/p>\n<p>Besonders spannend sind seine Erfahrungen und Ideen aus dem Leistungssport, die Dominik als ehemals aktiver Athlet immer wieder gerne in seine Arbeit einflie\u00dfen l\u00e4sst. Die praktische und handlungsorientierte Arbeit findet bei den Teilnehmern stets gro\u00dfen Anklang.<strong><\/strong><\/p>\n<p>[\/et_pb_text][\/et_pb_column][\/et_pb_row][\/et_pb_section]<\/p>\n","protected":false},"excerpt":{"rendered":"<p>Dominik RitterDominik Ritter ist als Management-Trainer und Berater f\u00fcr Challenge Learning t\u00e4tig. Ein Schwerpunkt seiner Arbeit ist die Durchf\u00fchrung von Personal- und Organisationsentwicklungsma\u00dfnahmen, sowie die Moderation von Gro\u00dfgruppenveranstaltungen. Hierbei l\u00e4sst Dominik gerne seine Erkenntnisse aus mehr als 10 Berufsjahren als Personalentwickler einflie\u00dfen. Sein sportwissenschaftliches Studium, die Prozessbegleitung mehrerer umfassende Change Projekte im Bereich Gesundheitsmanagement in [&hellip;]<\/p>\n","protected":false},"author":4,"featured_media":0,"parent":0,"menu_order":0,"comment_status":"closed","ping_status":"closed","template":"","meta":{"_et_pb_use_builder":"on","_et_pb_old_content":"","_et_gb_content_width":"","footnotes":""},"class_list":["post-987","page","type-page","status-publish","hentry"],"_links":{"self":[{"href":"https:\/\/challengelearning.com\/de\/wp-json\/wp\/v2\/pages\/987","targetHints":{"allow":["GET"]}}],"collection":[{"href":"https:\/\/challengelearning.com\/de\/wp-json\/wp\/v2\/pages"}],"about":[{"href":"https:\/\/challengelearning.com\/de\/wp-json\/wp\/v2\/types\/page"}],"author":[{"embeddable":true,"href":"https:\/\/challengelearning.com\/de\/wp-json\/wp\/v2\/users\/4"}],"replies":[{"embeddable":true,"href":"https:\/\/challengelearning.com\/de\/wp-json\/wp\/v2\/comments?post=987"}],"version-history":[{"count":3,"href":"https:\/\/challengelearning.com\/de\/wp-json\/wp\/v2\/pages\/987\/revisions"}],"predecessor-version":[{"id":991,"href":"https:\/\/challengelearning.com\/de\/wp-json\/wp\/v2\/pages\/987\/revisions\/991"}],"wp:attachment":[{"href":"https:\/\/challengelearning.com\/de\/wp-json\/wp\/v2\/media?parent=987"}],"curies":[{"name":"wp","href":"https:\/\/api.w.org\/{rel}","templated":true}]}}