{"id":982,"date":"2025-03-17T11:29:52","date_gmt":"2025-03-17T10:29:52","guid":{"rendered":"https:\/\/prototyp-2-website.spitzen-tech.de\/?page_id=982"},"modified":"2025-03-17T11:30:11","modified_gmt":"2025-03-17T10:30:11","slug":"monika-koeppl","status":"publish","type":"page","link":"https:\/\/challengelearning.com\/de\/monika-koeppl\/","title":{"rendered":"Monika Koeppl"},"content":{"rendered":"<p>[et_pb_section fb_built=&#8220;1&#8243; _builder_version=&#8220;4.27.4&#8243; _module_preset=&#8220;default&#8220; global_colors_info=&#8220;{}&#8220; theme_builder_area=&#8220;post_content&#8220;][et_pb_row column_structure=&#8220;1_3,2_3&#8243; _builder_version=&#8220;4.27.4&#8243; _module_preset=&#8220;default&#8220; animation_style=&#8220;slide&#8220; animation_direction=&#8220;top&#8220; global_colors_info=&#8220;{}&#8220; theme_builder_area=&#8220;post_content&#8220;][et_pb_column type=&#8220;1_3&#8243; _builder_version=&#8220;4.27.4&#8243; _module_preset=&#8220;default&#8220; global_colors_info=&#8220;{}&#8220; theme_builder_area=&#8220;post_content&#8220;][et_pb_image src=&#8220;https:\/\/challengelearning.com\/wp-content\/uploads\/2025\/03\/Bild_Monika-Koeppl.jpg&#8220; alt=&#8220;Bild_Monika K\u00f6ppl&#8220; title_text=&#8220;Bild_Monika K\u00f6ppl&#8220; _builder_version=&#8220;4.27.4&#8243; _module_preset=&#8220;default&#8220; animation_direction=&#8220;top&#8220; hover_enabled=&#8220;0&#8243; global_colors_info=&#8220;{}&#8220; theme_builder_area=&#8220;post_content&#8220; sticky_enabled=&#8220;0&#8243;][\/et_pb_image][\/et_pb_column][et_pb_column type=&#8220;2_3&#8243; _builder_version=&#8220;4.27.4&#8243; _module_preset=&#8220;default&#8220; global_colors_info=&#8220;{}&#8220; theme_builder_area=&#8220;post_content&#8220;][et_pb_text _builder_version=&#8220;4.27.4&#8243; _module_preset=&#8220;default&#8220; header_font=&#8220;|600|||||||&#8220; header_text_color=&#8220;#be2827&#8243; header_line_height=&#8220;1.3em&#8220; header_2_font_size=&#8220;22px&#8220; header_2_line_height=&#8220;1.5em&#8220; header_3_font_size=&#8220;20px&#8220; header_3_line_height=&#8220;1.3em&#8220; hover_enabled=&#8220;0&#8243; header_font_size_tablet=&#8220;&#8220; header_font_size_phone=&#8220;&#8220; header_font_size_last_edited=&#8220;on|phone&#8220; header_2_font_size_tablet=&#8220;22px&#8220; header_2_font_size_phone=&#8220;22px&#8220; header_2_font_size_last_edited=&#8220;on|phone&#8220; header_3_font_size_tablet=&#8220;20px&#8220; header_3_font_size_phone=&#8220;20px&#8220; header_3_font_size_last_edited=&#8220;on|phone&#8220; global_colors_info=&#8220;{}&#8220; theme_builder_area=&#8220;post_content&#8220; sticky_enabled=&#8220;0&#8243;]<\/p>\n<h1>Monika K\u00f6ppl<\/h1>\n<p>[\/et_pb_text][et_pb_text _builder_version=&#8220;4.27.4&#8243; _module_preset=&#8220;default&#8220; header_2_font=&#8220;|600|||||||&#8220; header_2_text_color=&#8220;#be2827&#8243; header_2_font_size=&#8220;40px&#8220; header_2_line_height=&#8220;1.5em&#8220; header_3_font_size=&#8220;30px&#8220; header_3_line_height=&#8220;1.5em&#8220; hover_enabled=&#8220;0&#8243; header_2_font_size_tablet=&#8220;35px&#8220; header_2_font_size_phone=&#8220;30px&#8220; header_2_font_size_last_edited=&#8220;on|phone&#8220; header_3_font_size_tablet=&#8220;&#8220; header_3_font_size_phone=&#8220;22px&#8220; header_3_font_size_last_edited=&#8220;on|desktop&#8220; global_colors_info=&#8220;{}&#8220; theme_builder_area=&#8220;post_content&#8220; sticky_enabled=&#8220;0&#8243;]<\/p>\n<p>Monika K\u00f6ppl arbeitet als Management-Berater, Trainer und Coach f\u00fcr Challenge Learning. Sie unterst\u00fctzt Organisationen und F\u00fchrungskr\u00e4fte zu allen Themen im Bereich Wertsch\u00f6pfungsmanagement.<\/p>\n<p>Ihre umfassende Erfahrung basieren auf mehr als 20 Jahre in der Industrie und kontinuierliche Weiterbildung.<\/p>\n<p>Seit \u00fcber 10 Jahren verankert Sie die Lean-\/Wertsch\u00f6pfungsphilosophie in Produktionsunternehmen unterschiedlicher Branchen. Sie besch\u00e4ftigt sich als zertifizierte Systemische Change Management-Beraterin intensiv mit der Gesamtbetrachtung von Ver\u00e4nderungsprozessen im Lean-Kontext. Dabei steht der Mensch, neben den zahlreichen Werkzeugen, als zentraler Erfolgsfaktor im Vordergrund.<\/p>\n<p>Privat hat sie Freude an herausfordernden Lernaufgaben \u2013 in der Natur und auf dem Motorrad \u2013 denn \u201ees gibt nichts schlimmeres als in der Komfortzone zu verharren\u201c.<strong><\/strong><\/p>\n<p>[\/et_pb_text][\/et_pb_column][\/et_pb_row][\/et_pb_section]<\/p>\n","protected":false},"excerpt":{"rendered":"<p>Monika K\u00f6pplMonika K\u00f6ppl arbeitet als Management-Berater, Trainer und Coach f\u00fcr Challenge Learning. Sie unterst\u00fctzt Organisationen und F\u00fchrungskr\u00e4fte zu allen Themen im Bereich Wertsch\u00f6pfungsmanagement. Ihre umfassende Erfahrung basieren auf mehr als 20 Jahre in der Industrie und kontinuierliche Weiterbildung. Seit \u00fcber 10 Jahren verankert Sie die Lean-\/Wertsch\u00f6pfungsphilosophie in Produktionsunternehmen unterschiedlicher Branchen. Sie besch\u00e4ftigt sich als zertifizierte [&hellip;]<\/p>\n","protected":false},"author":4,"featured_media":0,"parent":0,"menu_order":0,"comment_status":"closed","ping_status":"closed","template":"","meta":{"_et_pb_use_builder":"on","_et_pb_old_content":"","_et_gb_content_width":"","footnotes":""},"class_list":["post-982","page","type-page","status-publish","hentry"],"_links":{"self":[{"href":"https:\/\/challengelearning.com\/de\/wp-json\/wp\/v2\/pages\/982","targetHints":{"allow":["GET"]}}],"collection":[{"href":"https:\/\/challengelearning.com\/de\/wp-json\/wp\/v2\/pages"}],"about":[{"href":"https:\/\/challengelearning.com\/de\/wp-json\/wp\/v2\/types\/page"}],"author":[{"embeddable":true,"href":"https:\/\/challengelearning.com\/de\/wp-json\/wp\/v2\/users\/4"}],"replies":[{"embeddable":true,"href":"https:\/\/challengelearning.com\/de\/wp-json\/wp\/v2\/comments?post=982"}],"version-history":[{"count":3,"href":"https:\/\/challengelearning.com\/de\/wp-json\/wp\/v2\/pages\/982\/revisions"}],"predecessor-version":[{"id":986,"href":"https:\/\/challengelearning.com\/de\/wp-json\/wp\/v2\/pages\/982\/revisions\/986"}],"wp:attachment":[{"href":"https:\/\/challengelearning.com\/de\/wp-json\/wp\/v2\/media?parent=982"}],"curies":[{"name":"wp","href":"https:\/\/api.w.org\/{rel}","templated":true}]}}