{"id":706,"date":"2025-01-31T15:17:40","date_gmt":"2025-01-31T14:17:40","guid":{"rendered":"https:\/\/prototyp-2-website.spitzen-tech.de\/?page_id=706"},"modified":"2025-05-02T08:14:08","modified_gmt":"2025-05-02T06:14:08","slug":"leon-borst","status":"publish","type":"page","link":"https:\/\/challengelearning.com\/de\/leon-borst\/","title":{"rendered":"Leon Borst"},"content":{"rendered":"<p>[et_pb_section fb_built=&#8220;1&#8243; _builder_version=&#8220;4.27.4&#8243; _module_preset=&#8220;default&#8220; global_colors_info=&#8220;{}&#8220;][et_pb_row column_structure=&#8220;1_3,2_3&#8243; _builder_version=&#8220;4.27.4&#8243; _module_preset=&#8220;default&#8220; animation_style=&#8220;slide&#8220; animation_direction=&#8220;top&#8220; global_colors_info=&#8220;{}&#8220;][et_pb_column type=&#8220;1_3&#8243; _builder_version=&#8220;4.27.4&#8243; _module_preset=&#8220;default&#8220; global_colors_info=&#8220;{}&#8220;][et_pb_image src=&#8220;https:\/\/challengelearning.com\/wp-content\/uploads\/2025\/01\/Bild_Leon_Borst.jpg&#8220; alt=&#8220;Bild_Leon_Borst&#8220; title_text=&#8220;Bild_Leon_Borst&#8220; _builder_version=&#8220;4.27.4&#8243; _module_preset=&#8220;default&#8220; animation_direction=&#8220;top&#8220; global_colors_info=&#8220;{}&#8220;][\/et_pb_image][\/et_pb_column][et_pb_column type=&#8220;2_3&#8243; _builder_version=&#8220;4.27.4&#8243; _module_preset=&#8220;default&#8220; global_colors_info=&#8220;{}&#8220;][et_pb_text _builder_version=&#8220;4.27.4&#8243; _module_preset=&#8220;default&#8220; header_font=&#8220;|600|||||||&#8220; header_text_color=&#8220;#be2827&#8243; header_line_height=&#8220;1.3em&#8220; header_2_font_size=&#8220;22px&#8220; header_2_line_height=&#8220;1.5em&#8220; header_3_font_size=&#8220;20px&#8220; header_3_line_height=&#8220;1.3em&#8220; hover_enabled=&#8220;0&#8243; header_font_size_tablet=&#8220;&#8220; header_font_size_phone=&#8220;&#8220; header_font_size_last_edited=&#8220;on|phone&#8220; header_2_font_size_tablet=&#8220;22px&#8220; header_2_font_size_phone=&#8220;22px&#8220; header_2_font_size_last_edited=&#8220;on|phone&#8220; header_3_font_size_tablet=&#8220;20px&#8220; header_3_font_size_phone=&#8220;20px&#8220; header_3_font_size_last_edited=&#8220;on|phone&#8220; global_colors_info=&#8220;{}&#8220; sticky_enabled=&#8220;0&#8243;]<\/p>\n<h1>Leon Borst<\/h1>\n<h2>Gesch\u00e4ftsf\u00fchrender Partner<\/h2>\n<h3><strong>Holland<\/strong><\/h3>\n<p>[\/et_pb_text][et_pb_text _builder_version=&#8220;4.27.4&#8243; _module_preset=&#8220;default&#8220; header_2_font=&#8220;|600|||||||&#8220; header_2_text_color=&#8220;#be2827&#8243; header_2_font_size=&#8220;40px&#8220; header_2_line_height=&#8220;1.5em&#8220; header_3_font_size=&#8220;30px&#8220; header_3_line_height=&#8220;1.5em&#8220; header_2_font_size_tablet=&#8220;35px&#8220; header_2_font_size_phone=&#8220;30px&#8220; header_2_font_size_last_edited=&#8220;on|phone&#8220; header_3_font_size_tablet=&#8220;&#8220; header_3_font_size_phone=&#8220;22px&#8220; header_3_font_size_last_edited=&#8220;on|desktop&#8220; global_colors_info=&#8220;{}&#8220;]<\/p>\n<p>Leon ist ein erfahrener und tatkr\u00e4ftiger Berater f\u00fcr Change Management und ist Management-Trainer. Er fokussiert sich auf das Verstehen und die Erforschung der menschlichen Dynamik in Teams und Organisationen um die bestm\u00f6glichen Gesch\u00e4ftsergebnisse zu erzielen.<\/p>\n<p>Leon strebt danach, Organisationen und Teams zu helfen, den Glauben an sich zu st\u00e4rken und ihr Potenzial auszusch\u00f6pfen. Als Berater ist er daf\u00fcr sensibilisiert, wie Systeme und Umst\u00e4nde das Verhalten steuern und nutzt dies, um Organisationen dabei zu unterst\u00fctzen ihre Kultur oder Strategien zu \u00e4ndern.<\/p>\n<p>Leon ist ein erfahrener Team Facilitator, der sich auf Kommunikation und die Verbesserung der Projekt-Performance von Teams spezialisiert hat. Bei der Arbeit mit Teams w\u00e4hlt er eine Methode auf der Basis des Erlebnislernens oder einen Prozess-fokussierten Ansatz, um ein nachhaltiges Lernen und eine andauernde Verbesserung zu generieren. Seine Erfahrung reicht von F\u00fchrungs- und Teamentwicklung bis zum Change Management und zur Prozess-Facilitation.<\/p>\n<p>Leon engagiert sich au\u00dferdem daf\u00fcr, Kunden nicht nur wichtige Einblicke zu hinterlassen, sondern ihnen auch gangbare Wege aufzuzeigen, die sie weiter einschlagen k\u00f6nnen um die Gesch\u00e4ftssituation zu verbessern und die L\u00fccke zwischen Wissen und Tun zu schlie\u00dfen.<\/p>\n<p>Leon ist derzeit Gesch\u00e4ftsf\u00fchrer von Challenge Learning in den Niederlanden. Er hat Projekte auf Niederl\u00e4ndisch, Englisch und Deutsch durchgef\u00fchrt und von zahlreichen internationalen Kunden durchweg Top-Performance-Bewertungen erhalten.<\/p>\n<p>[\/et_pb_text][\/et_pb_column][\/et_pb_row][\/et_pb_section]<\/p>\n","protected":false},"excerpt":{"rendered":"<p>Leon Borst Gesch\u00e4ftsf\u00fchrender Partner HollandLeon ist ein erfahrener und tatkr\u00e4ftiger Berater f\u00fcr Change Management und ist Management-Trainer. Er fokussiert sich auf das Verstehen und die Erforschung der menschlichen Dynamik in Teams und Organisationen um die bestm\u00f6glichen Gesch\u00e4ftsergebnisse zu erzielen. Leon strebt danach, Organisationen und Teams zu helfen, den Glauben an sich zu st\u00e4rken und ihr [&hellip;]<\/p>\n","protected":false},"author":4,"featured_media":0,"parent":0,"menu_order":0,"comment_status":"closed","ping_status":"closed","template":"","meta":{"_et_pb_use_builder":"on","_et_pb_old_content":"","_et_gb_content_width":"","footnotes":""},"class_list":["post-706","page","type-page","status-publish","hentry"],"_links":{"self":[{"href":"https:\/\/challengelearning.com\/de\/wp-json\/wp\/v2\/pages\/706","targetHints":{"allow":["GET"]}}],"collection":[{"href":"https:\/\/challengelearning.com\/de\/wp-json\/wp\/v2\/pages"}],"about":[{"href":"https:\/\/challengelearning.com\/de\/wp-json\/wp\/v2\/types\/page"}],"author":[{"embeddable":true,"href":"https:\/\/challengelearning.com\/de\/wp-json\/wp\/v2\/users\/4"}],"replies":[{"embeddable":true,"href":"https:\/\/challengelearning.com\/de\/wp-json\/wp\/v2\/comments?post=706"}],"version-history":[{"count":3,"href":"https:\/\/challengelearning.com\/de\/wp-json\/wp\/v2\/pages\/706\/revisions"}],"predecessor-version":[{"id":1101,"href":"https:\/\/challengelearning.com\/de\/wp-json\/wp\/v2\/pages\/706\/revisions\/1101"}],"wp:attachment":[{"href":"https:\/\/challengelearning.com\/de\/wp-json\/wp\/v2\/media?parent=706"}],"curies":[{"name":"wp","href":"https:\/\/api.w.org\/{rel}","templated":true}]}}