{"id":699,"date":"2025-01-31T15:14:46","date_gmt":"2025-01-31T14:14:46","guid":{"rendered":"https:\/\/prototyp-2-website.spitzen-tech.de\/?page_id=699"},"modified":"2025-05-02T08:13:37","modified_gmt":"2025-05-02T06:13:37","slug":"markus-gebhardt","status":"publish","type":"page","link":"https:\/\/challengelearning.com\/de\/markus-gebhardt\/","title":{"rendered":"Markus Gebhardt"},"content":{"rendered":"<p>[et_pb_section fb_built=&#8220;1&#8243; _builder_version=&#8220;4.27.4&#8243; _module_preset=&#8220;default&#8220; global_colors_info=&#8220;{}&#8220;][et_pb_row column_structure=&#8220;1_3,2_3&#8243; _builder_version=&#8220;4.27.4&#8243; _module_preset=&#8220;default&#8220; animation_style=&#8220;slide&#8220; animation_direction=&#8220;top&#8220; global_colors_info=&#8220;{}&#8220;][et_pb_column type=&#8220;1_3&#8243; _builder_version=&#8220;4.27.4&#8243; _module_preset=&#8220;default&#8220; global_colors_info=&#8220;{}&#8220;][et_pb_image src=&#8220;https:\/\/challengelearning.com\/wp-content\/uploads\/2025\/01\/Bild_Markus_Gebhardt.jpg&#8220; alt=&#8220;Bild_Markus_Gebhardt&#8220; title_text=&#8220;Bild_Markus_Gebhardt&#8220; _builder_version=&#8220;4.27.4&#8243; _module_preset=&#8220;default&#8220; animation_direction=&#8220;top&#8220; global_colors_info=&#8220;{}&#8220;][\/et_pb_image][\/et_pb_column][et_pb_column type=&#8220;2_3&#8243; _builder_version=&#8220;4.27.4&#8243; _module_preset=&#8220;default&#8220; global_colors_info=&#8220;{}&#8220;][et_pb_text _builder_version=&#8220;4.27.4&#8243; _module_preset=&#8220;default&#8220; header_font=&#8220;|600|||||||&#8220; header_text_color=&#8220;#be2827&#8243; header_line_height=&#8220;1.3em&#8220; header_2_font_size=&#8220;22px&#8220; header_2_line_height=&#8220;1.5em&#8220; header_3_font_size=&#8220;20px&#8220; header_3_line_height=&#8220;1.3em&#8220; header_font_size_tablet=&#8220;&#8220; header_font_size_phone=&#8220;&#8220; header_font_size_last_edited=&#8220;on|phone&#8220; header_2_font_size_tablet=&#8220;22px&#8220; header_2_font_size_phone=&#8220;22px&#8220; header_2_font_size_last_edited=&#8220;on|phone&#8220; header_3_font_size_tablet=&#8220;20px&#8220; header_3_font_size_phone=&#8220;20px&#8220; header_3_font_size_last_edited=&#8220;on|phone&#8220; global_colors_info=&#8220;{}&#8220;]<\/p>\n<h1>Markus Gebhardt<\/h1>\n<h2>Gesch\u00e4ftsf\u00fchrender Partner<\/h2>\n<h3><strong>Deutschland<\/strong><\/h3>\n<p>[\/et_pb_text][et_pb_text _builder_version=&#8220;4.27.4&#8243; _module_preset=&#8220;default&#8220; header_2_font=&#8220;|600|||||||&#8220; header_2_text_color=&#8220;#be2827&#8243; header_2_font_size=&#8220;40px&#8220; header_2_line_height=&#8220;1.5em&#8220; header_3_font_size=&#8220;30px&#8220; header_3_line_height=&#8220;1.5em&#8220; header_2_font_size_tablet=&#8220;35px&#8220; header_2_font_size_phone=&#8220;30px&#8220; header_2_font_size_last_edited=&#8220;on|phone&#8220; header_3_font_size_tablet=&#8220;&#8220; header_3_font_size_phone=&#8220;22px&#8220; header_3_font_size_last_edited=&#8220;on|desktop&#8220; global_colors_info=&#8220;{}&#8220;]<\/p>\n<p>Mit seiner Erfahrung als Berater und Trainer f\u00fcr F\u00fchrungskr\u00e4fte setzt Markus innovative, herausfordernde Methoden bei Unternehmen ein, die ihre Gesch\u00e4ftspraktiken verbessern m\u00f6chten.<\/p>\n<p>Markus ist ein Experte in Team-Management, Organisationsentwicklung, Entwicklung von F\u00fchrungskr\u00e4ften, Change Management, Projektmanagement, Lean Management, Agile Methoden, demografischen Ver\u00e4nderungen, Wissensmanagement, Kommunikation in Gruppen \u2013 von Kleingruppen bis zu Gruppen mit 600 Teilnehmern, sowie Programmdesign.<\/p>\n<p>Markus hat an Beratungs- und Trainingsprojekten in \u00fcber 30 L\u00e4ndern gearbeitet. In seiner Freizeit geht er gerne Klettern und genie\u00dft die Bewegung in der freien Natur.<strong><\/strong><\/p>\n<p>[\/et_pb_text][\/et_pb_column][\/et_pb_row][\/et_pb_section]<\/p>\n","protected":false},"excerpt":{"rendered":"<p>Markus Gebhardt Gesch\u00e4ftsf\u00fchrender Partner DeutschlandMit seiner Erfahrung als Berater und Trainer f\u00fcr F\u00fchrungskr\u00e4fte setzt Markus innovative, herausfordernde Methoden bei Unternehmen ein, die ihre Gesch\u00e4ftspraktiken verbessern m\u00f6chten. Markus ist ein Experte in Team-Management, Organisationsentwicklung, Entwicklung von F\u00fchrungskr\u00e4ften, Change Management, Projektmanagement, Lean Management, Agile Methoden, demografischen Ver\u00e4nderungen, Wissensmanagement, Kommunikation in Gruppen \u2013 von Kleingruppen bis zu Gruppen [&hellip;]<\/p>\n","protected":false},"author":4,"featured_media":0,"parent":0,"menu_order":0,"comment_status":"closed","ping_status":"closed","template":"","meta":{"_et_pb_use_builder":"on","_et_pb_old_content":"","_et_gb_content_width":"","footnotes":""},"class_list":["post-699","page","type-page","status-publish","hentry"],"_links":{"self":[{"href":"https:\/\/challengelearning.com\/de\/wp-json\/wp\/v2\/pages\/699","targetHints":{"allow":["GET"]}}],"collection":[{"href":"https:\/\/challengelearning.com\/de\/wp-json\/wp\/v2\/pages"}],"about":[{"href":"https:\/\/challengelearning.com\/de\/wp-json\/wp\/v2\/types\/page"}],"author":[{"embeddable":true,"href":"https:\/\/challengelearning.com\/de\/wp-json\/wp\/v2\/users\/4"}],"replies":[{"embeddable":true,"href":"https:\/\/challengelearning.com\/de\/wp-json\/wp\/v2\/comments?post=699"}],"version-history":[{"count":6,"href":"https:\/\/challengelearning.com\/de\/wp-json\/wp\/v2\/pages\/699\/revisions"}],"predecessor-version":[{"id":1100,"href":"https:\/\/challengelearning.com\/de\/wp-json\/wp\/v2\/pages\/699\/revisions\/1100"}],"wp:attachment":[{"href":"https:\/\/challengelearning.com\/de\/wp-json\/wp\/v2\/media?parent=699"}],"curies":[{"name":"wp","href":"https:\/\/api.w.org\/{rel}","templated":true}]}}