{"id":666,"date":"2025-01-31T12:39:46","date_gmt":"2025-01-31T11:39:46","guid":{"rendered":"https:\/\/prototyp-2-website.spitzen-tech.de\/?page_id=666"},"modified":"2025-05-02T08:11:49","modified_gmt":"2025-05-02T06:11:49","slug":"marie-antoinette-orsini","status":"publish","type":"page","link":"https:\/\/challengelearning.com\/de\/marie-antoinette-orsini\/","title":{"rendered":"Marie Antoinette Orsini"},"content":{"rendered":"<p>[et_pb_section fb_built=&#8220;1&#8243; _builder_version=&#8220;4.27.4&#8243; _module_preset=&#8220;default&#8220; global_colors_info=&#8220;{}&#8220;][et_pb_row column_structure=&#8220;1_3,2_3&#8243; _builder_version=&#8220;4.27.4&#8243; _module_preset=&#8220;default&#8220; animation_style=&#8220;slide&#8220; animation_direction=&#8220;top&#8220; global_colors_info=&#8220;{}&#8220;][et_pb_column type=&#8220;1_3&#8243; _builder_version=&#8220;4.27.4&#8243; _module_preset=&#8220;default&#8220; global_colors_info=&#8220;{}&#8220;][et_pb_image src=&#8220;https:\/\/challengelearning.com\/wp-content\/uploads\/2025\/01\/Bild_Marie-Antoinette-Orsini.jpg&#8220; title_text=&#8220;Bild_Marie-Antoinette-Orsini&#8220; _builder_version=&#8220;4.27.4&#8243; _module_preset=&#8220;default&#8220; animation_direction=&#8220;top&#8220; global_colors_info=&#8220;{}&#8220;][\/et_pb_image][\/et_pb_column][et_pb_column type=&#8220;2_3&#8243; _builder_version=&#8220;4.27.4&#8243; _module_preset=&#8220;default&#8220; global_colors_info=&#8220;{}&#8220;][et_pb_text _builder_version=&#8220;4.27.4&#8243; _module_preset=&#8220;default&#8220; header_font=&#8220;|600|||||||&#8220; header_text_color=&#8220;#be2827&#8243; header_line_height=&#8220;1.3em&#8220; header_2_font_size=&#8220;22px&#8220; header_2_line_height=&#8220;1.5em&#8220; header_3_font_size=&#8220;20px&#8220; header_3_line_height=&#8220;1.3em&#8220; hover_enabled=&#8220;0&#8243; header_font_size_tablet=&#8220;&#8220; header_font_size_phone=&#8220;&#8220; header_font_size_last_edited=&#8220;on|phone&#8220; header_2_font_size_tablet=&#8220;22px&#8220; header_2_font_size_phone=&#8220;22px&#8220; header_2_font_size_last_edited=&#8220;on|phone&#8220; header_3_font_size_tablet=&#8220;20px&#8220; header_3_font_size_phone=&#8220;20px&#8220; header_3_font_size_last_edited=&#8220;on|phone&#8220; global_colors_info=&#8220;{}&#8220; sticky_enabled=&#8220;0&#8243;]<\/p>\n<h1>Marie Antoinette Orsini<br \/>(A.K.A. Nanette)<\/h1>\n<h2>Gr\u00fcndungs- und Gesch\u00e4ftsf\u00fchrende Partnerin<\/h2>\n<h3><strong>Frankreich<\/strong><\/h3>\n<p>[\/et_pb_text][et_pb_text _builder_version=&#8220;4.27.4&#8243; _module_preset=&#8220;default&#8220; header_2_font=&#8220;|600|||||||&#8220; header_2_text_color=&#8220;#be2827&#8243; header_2_font_size=&#8220;40px&#8220; header_2_line_height=&#8220;1.5em&#8220; header_3_font_size=&#8220;30px&#8220; header_3_line_height=&#8220;1.5em&#8220; header_2_font_size_tablet=&#8220;35px&#8220; header_2_font_size_phone=&#8220;30px&#8220; header_2_font_size_last_edited=&#8220;on|phone&#8220; header_3_font_size_tablet=&#8220;&#8220; header_3_font_size_phone=&#8220;22px&#8220; header_3_font_size_last_edited=&#8220;on|desktop&#8220; global_colors_info=&#8220;{}&#8220;]<\/p>\n<p style=\"text-align: left;\">Als Gr\u00fcndungspartnerin von Challenge Learning hat Nanette die Organisation in den letzten 20 Jahren geleitet, aufgebaut und st\u00e4ndig weiterentwickelt. Inmitten eines gro\u00dfen Netzwerkes vonKollegen, Kunden und Freunden ist Nanette Inspirations- und Informationsquelle in den Bereichen Organisationentwicklung, Transformationsmanagement und F\u00fchrungsentwicklung.<\/p>\n<p style=\"text-align: left;\">Nanette ist spezialisiert auf Facilitation, Trainingskonzeption und -durchf\u00fchrung in franz\u00f6sischer, englischer, italienischer und spanischer Sprache. Als Gesch\u00e4fts- und Prozessberaterin, Programmdesignerin und Facilitator bringt sie Energie, Neugierde und ein ordentliches Ma\u00df an Humor mit in jedes Projekt.<\/p>\n<p style=\"text-align: left;\">Mit umfassender internationaler Gesch\u00e4ftserfahrung, die von programmatischen Denken bis zum Management gro\u00dfer Change-Projekte reicht, ist Nanette ein wertvoller Aktivposten f\u00fcr Challenge Learning und bei ihren vielen Kunden hoch angesehen.<strong><\/strong><\/p>\n<p>[\/et_pb_text][\/et_pb_column][\/et_pb_row][\/et_pb_section]<\/p>\n","protected":false},"excerpt":{"rendered":"<p>Marie Antoinette Orsini(A.K.A. Nanette) Gr\u00fcndungs- und Gesch\u00e4ftsf\u00fchrende Partnerin FrankreichAls Gr\u00fcndungspartnerin von Challenge Learning hat Nanette die Organisation in den letzten 20 Jahren geleitet, aufgebaut und st\u00e4ndig weiterentwickelt. Inmitten eines gro\u00dfen Netzwerkes vonKollegen, Kunden und Freunden ist Nanette Inspirations- und Informationsquelle in den Bereichen Organisationentwicklung, Transformationsmanagement und F\u00fchrungsentwicklung. Nanette ist spezialisiert auf Facilitation, Trainingskonzeption und -durchf\u00fchrung [&hellip;]<\/p>\n","protected":false},"author":4,"featured_media":0,"parent":0,"menu_order":0,"comment_status":"closed","ping_status":"closed","template":"","meta":{"_et_pb_use_builder":"on","_et_pb_old_content":"","_et_gb_content_width":"","footnotes":""},"class_list":["post-666","page","type-page","status-publish","hentry"],"_links":{"self":[{"href":"https:\/\/challengelearning.com\/de\/wp-json\/wp\/v2\/pages\/666","targetHints":{"allow":["GET"]}}],"collection":[{"href":"https:\/\/challengelearning.com\/de\/wp-json\/wp\/v2\/pages"}],"about":[{"href":"https:\/\/challengelearning.com\/de\/wp-json\/wp\/v2\/types\/page"}],"author":[{"embeddable":true,"href":"https:\/\/challengelearning.com\/de\/wp-json\/wp\/v2\/users\/4"}],"replies":[{"embeddable":true,"href":"https:\/\/challengelearning.com\/de\/wp-json\/wp\/v2\/comments?post=666"}],"version-history":[{"count":6,"href":"https:\/\/challengelearning.com\/de\/wp-json\/wp\/v2\/pages\/666\/revisions"}],"predecessor-version":[{"id":1098,"href":"https:\/\/challengelearning.com\/de\/wp-json\/wp\/v2\/pages\/666\/revisions\/1098"}],"wp:attachment":[{"href":"https:\/\/challengelearning.com\/de\/wp-json\/wp\/v2\/media?parent=666"}],"curies":[{"name":"wp","href":"https:\/\/api.w.org\/{rel}","templated":true}]}}