{"id":654,"date":"2025-01-31T12:21:47","date_gmt":"2025-01-31T11:21:47","guid":{"rendered":"https:\/\/prototyp-2-website.spitzen-tech.de\/?page_id=654"},"modified":"2025-06-23T12:22:56","modified_gmt":"2025-06-23T10:22:56","slug":"managing-partners","status":"publish","type":"page","link":"https:\/\/challengelearning.com\/de\/managing-partners\/","title":{"rendered":"Gesch\u00e4ftsf\u00fchrer"},"content":{"rendered":"<p>[et_pb_section fb_built=&#8220;1&#8243; _builder_version=&#8220;4.27.4&#8243; _module_preset=&#8220;default&#8220; background_image=&#8220;https:\/\/challengelearning.com\/wp-content\/uploads\/2025\/01\/who-we-are.jpg&#8220; custom_padding=&#8220;100px||100px||true|&#8220; global_colors_info=&#8220;{}&#8220;][et_pb_row _builder_version=&#8220;4.27.4&#8243; _module_preset=&#8220;default&#8220; global_colors_info=&#8220;{}&#8220;][et_pb_column type=&#8220;4_4&#8243; _builder_version=&#8220;4.27.4&#8243; _module_preset=&#8220;default&#8220; global_colors_info=&#8220;{}&#8220;][\/et_pb_column][\/et_pb_row][\/et_pb_section][et_pb_section fb_built=&#8220;1&#8243; admin_label=&#8220;Services&#8220; _builder_version=&#8220;4.27.4&#8243; global_colors_info=&#8220;{}&#8220;][et_pb_row _builder_version=&#8220;4.27.4&#8243; _module_preset=&#8220;default&#8220; global_colors_info=&#8220;{}&#8220;][et_pb_column type=&#8220;4_4&#8243; _builder_version=&#8220;4.27.4&#8243; _module_preset=&#8220;default&#8220; global_colors_info=&#8220;{}&#8220;][et_pb_text _builder_version=&#8220;4.27.4&#8243; _module_preset=&#8220;default&#8220; header_font=&#8220;|700|||||||&#8220; header_text_color=&#8220;#545350&#8243; header_font_size=&#8220;60px&#8220; header_line_height=&#8220;1.5em&#8220; header_font_size_tablet=&#8220;50px&#8220; header_font_size_phone=&#8220;35px&#8220; header_font_size_last_edited=&#8220;on|phone&#8220; global_colors_info=&#8220;{}&#8220;]<\/p>\n<h1 style=\"text-align: center;\">Gesch\u00e4ftsf\u00fchrer<\/h1>\n<p>[\/et_pb_text][et_pb_text _builder_version=&#8220;4.27.4&#8243; _module_preset=&#8220;default&#8220; header_2_font=&#8220;|600|||||||&#8220; header_2_text_color=&#8220;#be2827&#8243; header_2_font_size=&#8220;40px&#8220; header_2_line_height=&#8220;1.5em&#8220; header_3_font_size=&#8220;30px&#8220; header_3_line_height=&#8220;1.5em&#8220; header_2_font_size_tablet=&#8220;35px&#8220; header_2_font_size_phone=&#8220;30px&#8220; header_2_font_size_last_edited=&#8220;on|phone&#8220; header_3_font_size_tablet=&#8220;&#8220; header_3_font_size_phone=&#8220;22px&#8220; header_3_font_size_last_edited=&#8220;on|desktop&#8220; global_colors_info=&#8220;{}&#8220;]<\/p>\n<h2 style=\"text-align: center;\"><strong>Wir sind f\u00fcr Sie da!<\/strong><\/h2>\n<p>[\/et_pb_text][\/et_pb_column][\/et_pb_row][et_pb_row column_structure=&#8220;1_3,1_3,1_3&#8243; _builder_version=&#8220;4.27.4&#8243; _module_preset=&#8220;default&#8220; global_colors_info=&#8220;{}&#8220;][et_pb_column type=&#8220;1_3&#8243; _builder_version=&#8220;4.27.4&#8243; _module_preset=&#8220;default&#8220; background_color=&#8220;#e9eaee&#8220; custom_padding=&#8220;10px|10px|10px|10px|true|true&#8220; link_option_url_new_window=&#8220;on&#8220; global_colors_info=&#8220;{}&#8220; transform_styles__hover_enabled=&#8220;on|hover&#8220; transform_scale__hover_enabled=&#8220;on|hover&#8220; transform_translate__hover_enabled=&#8220;on|desktop&#8220; transform_rotate__hover_enabled=&#8220;on|desktop&#8220; transform_skew__hover_enabled=&#8220;on|desktop&#8220; transform_origin__hover_enabled=&#8220;on|desktop&#8220;][et_pb_image src=&#8220;https:\/\/challengelearning.com\/wp-content\/uploads\/2025\/01\/Bild_Marie-Antoinette-Orsini.jpg&#8220; title_text=&#8220;Bild_Marie-Antoinette-Orsini&#8220; _builder_version=&#8220;4.27.4&#8243; _module_preset=&#8220;default&#8220; custom_margin=&#8220;||15px||false|false&#8220; global_colors_info=&#8220;{}&#8220;][\/et_pb_image][et_pb_text _builder_version=&#8220;4.27.4&#8243; _module_preset=&#8220;default&#8220; header_2_font=&#8220;|600|||||||&#8220; header_2_text_color=&#8220;#be2827&#8243; header_2_font_size=&#8220;40px&#8220; header_2_line_height=&#8220;1.5em&#8220; header_3_font_size=&#8220;30px&#8220; header_3_line_height=&#8220;1.5em&#8220; custom_margin=&#8220;||5px||false|false&#8220; header_2_font_size_tablet=&#8220;35px&#8220; header_2_font_size_phone=&#8220;30px&#8220; header_2_font_size_last_edited=&#8220;on|phone&#8220; header_3_font_size_tablet=&#8220;&#8220; header_3_font_size_phone=&#8220;22px&#8220; header_3_font_size_last_edited=&#8220;on|desktop&#8220; global_colors_info=&#8220;{}&#8220;]<\/p>\n<h3 style=\"text-align: left;\"><strong>Marie Antoinette Orsine (A.K.A. Nanette)<\/strong><\/h3>\n<p><strong>Gr\u00fcndungs- und Gesch\u00e4ftsf\u00fchrende Partnerin<\/strong><\/p>\n<p>Frankreich<\/p>\n<p>[\/et_pb_text][et_pb_icon font_icon=&#8220;&#x3d;||divi||400&#8243; icon_width=&#8220;45px&#8220; url=&#8220;https:\/\/challengelearning.com\/de\/marie-antoinette-orsini\/&#8220; url_new_window=&#8220;on&#8220; align=&#8220;right&#8220; icon_width_tablet=&#8220;50px&#8220; icon_width_phone=&#8220;40px&#8220; icon_width_last_edited=&#8220;off|desktop&#8220; _builder_version=&#8220;4.27.4&#8243; _module_preset=&#8220;default&#8220; custom_padding=&#8220;10px|5px|10px|5px|true|true&#8220; hover_enabled=&#8220;0&#8243; global_colors_info=&#8220;{}&#8220; icon_width__hover_enabled=&#8220;on|hover&#8220; icon_width__hover=&#8220;45px&#8220; transform_styles__hover_enabled=&#8220;on|hover&#8220; transform_scale__hover_enabled=&#8220;on|hover&#8220; transform_translate__hover_enabled=&#8220;on|desktop&#8220; transform_rotate__hover_enabled=&#8220;on|desktop&#8220; transform_skew__hover_enabled=&#8220;on|desktop&#8220; transform_origin__hover_enabled=&#8220;on|desktop&#8220; transform_scale__hover=&#8220;120%|120%&#8220; sticky_enabled=&#8220;0&#8243;][\/et_pb_icon][\/et_pb_column][et_pb_column type=&#8220;1_3&#8243; _builder_version=&#8220;4.27.4&#8243; _module_preset=&#8220;default&#8220; background_color=&#8220;#e9eaee&#8220; custom_padding=&#8220;10px|10px|10px|10px|true|true&#8220; link_option_url_new_window=&#8220;on&#8220; global_colors_info=&#8220;{}&#8220; transform_styles__hover_enabled=&#8220;on|hover&#8220; transform_scale__hover_enabled=&#8220;on|hover&#8220; transform_translate__hover_enabled=&#8220;on|desktop&#8220; transform_rotate__hover_enabled=&#8220;on|desktop&#8220; transform_skew__hover_enabled=&#8220;on|desktop&#8220; transform_origin__hover_enabled=&#8220;on|desktop&#8220;][et_pb_image src=&#8220;https:\/\/challengelearning.com\/wp-content\/uploads\/2025\/01\/Bild_Markus_Gebhardt.jpg&#8220; alt=&#8220;Bild_Markus_Gebhardt&#8220; title_text=&#8220;Bild_Markus_Gebhardt&#8220; _builder_version=&#8220;4.27.4&#8243; _module_preset=&#8220;default&#8220; custom_margin=&#8220;||15px||false|false&#8220; global_colors_info=&#8220;{}&#8220;][\/et_pb_image][et_pb_text _builder_version=&#8220;4.27.4&#8243; _module_preset=&#8220;default&#8220; header_2_font=&#8220;|600|||||||&#8220; header_2_text_color=&#8220;#be2827&#8243; header_2_font_size=&#8220;40px&#8220; header_2_line_height=&#8220;1.5em&#8220; header_3_font_size=&#8220;30px&#8220; header_3_line_height=&#8220;1.5em&#8220; custom_margin=&#8220;||5px||false|false&#8220; header_2_font_size_tablet=&#8220;35px&#8220; header_2_font_size_phone=&#8220;30px&#8220; header_2_font_size_last_edited=&#8220;on|phone&#8220; header_3_font_size_tablet=&#8220;&#8220; header_3_font_size_phone=&#8220;22px&#8220; header_3_font_size_last_edited=&#8220;on|desktop&#8220; global_colors_info=&#8220;{}&#8220;]<\/p>\n<h3 style=\"text-align: left;\"><strong>Markus Gebhardt<br \/><\/strong><\/h3>\n<p><strong>Gesch\u00e4ftsf\u00fchrender Partner<\/strong><\/p>\n<p>Deutschland<\/p>\n<p>[\/et_pb_text][et_pb_icon font_icon=&#8220;&#x3d;||divi||400&#8243; icon_width=&#8220;45px&#8220; url=&#8220;https:\/\/challengelearning.com\/de\/markus-gebhardt\/&#8220; url_new_window=&#8220;on&#8220; align=&#8220;right&#8220; icon_width_tablet=&#8220;50px&#8220; icon_width_phone=&#8220;40px&#8220; icon_width_last_edited=&#8220;off|desktop&#8220; _builder_version=&#8220;4.27.4&#8243; _module_preset=&#8220;default&#8220; custom_padding=&#8220;10px|5px|10px|5px|true|true&#8220; hover_enabled=&#8220;0&#8243; global_colors_info=&#8220;{}&#8220; icon_width__hover_enabled=&#8220;on|hover&#8220; icon_width__hover=&#8220;45px&#8220; transform_styles__hover_enabled=&#8220;on|hover&#8220; transform_scale__hover_enabled=&#8220;on|hover&#8220; transform_translate__hover_enabled=&#8220;on|desktop&#8220; transform_rotate__hover_enabled=&#8220;on|desktop&#8220; transform_skew__hover_enabled=&#8220;on|desktop&#8220; transform_origin__hover_enabled=&#8220;on|desktop&#8220; transform_scale__hover=&#8220;120%|120%&#8220; sticky_enabled=&#8220;0&#8243;][\/et_pb_icon][\/et_pb_column][et_pb_column type=&#8220;1_3&#8243; _builder_version=&#8220;4.27.4&#8243; _module_preset=&#8220;default&#8220; background_color=&#8220;#e9eaee&#8220; custom_padding=&#8220;10px|10px|10px|10px|true|true&#8220; link_option_url_new_window=&#8220;on&#8220; global_colors_info=&#8220;{}&#8220; transform_styles__hover_enabled=&#8220;on|hover&#8220; transform_scale__hover_enabled=&#8220;on|hover&#8220; transform_translate__hover_enabled=&#8220;on|desktop&#8220; transform_rotate__hover_enabled=&#8220;on|desktop&#8220; transform_skew__hover_enabled=&#8220;on|desktop&#8220; transform_origin__hover_enabled=&#8220;on|desktop&#8220;][et_pb_image src=&#8220;https:\/\/challengelearning.com\/wp-content\/uploads\/2025\/01\/Bild_Leon_Borst.jpg&#8220; alt=&#8220;Bild_Leon_Borst&#8220; title_text=&#8220;Bild_Leon_Borst&#8220; _builder_version=&#8220;4.27.4&#8243; _module_preset=&#8220;default&#8220; custom_margin=&#8220;||15px||false|false&#8220; global_colors_info=&#8220;{}&#8220;][\/et_pb_image][et_pb_text _builder_version=&#8220;4.27.4&#8243; _module_preset=&#8220;default&#8220; header_2_font=&#8220;|600|||||||&#8220; header_2_text_color=&#8220;#be2827&#8243; header_2_font_size=&#8220;40px&#8220; header_2_line_height=&#8220;1.5em&#8220; header_3_font_size=&#8220;30px&#8220; header_3_line_height=&#8220;1.5em&#8220; custom_margin=&#8220;||5px||false|false&#8220; header_2_font_size_tablet=&#8220;35px&#8220; header_2_font_size_phone=&#8220;30px&#8220; header_2_font_size_last_edited=&#8220;on|phone&#8220; header_3_font_size_tablet=&#8220;&#8220; header_3_font_size_phone=&#8220;22px&#8220; header_3_font_size_last_edited=&#8220;on|desktop&#8220; global_colors_info=&#8220;{}&#8220;]<\/p>\n<h3 style=\"text-align: left;\"><strong>Leon Borst<br \/><\/strong><\/h3>\n<p><strong>Gesch\u00e4ftsf\u00fchrender Partner<br \/><\/strong><\/p>\n<p>Holland<\/p>\n<p>[\/et_pb_text][et_pb_icon font_icon=&#8220;&#x3d;||divi||400&#8243; icon_width=&#8220;45px&#8220; url=&#8220;https:\/\/challengelearning.com\/de\/leon-borst\/&#8220; url_new_window=&#8220;on&#8220; align=&#8220;right&#8220; icon_width_tablet=&#8220;50px&#8220; icon_width_phone=&#8220;40px&#8220; icon_width_last_edited=&#8220;off|desktop&#8220; _builder_version=&#8220;4.27.4&#8243; _module_preset=&#8220;default&#8220; custom_padding=&#8220;10px|5px|10px|5px|true|true&#8220; hover_enabled=&#8220;0&#8243; global_colors_info=&#8220;{}&#8220; icon_width__hover_enabled=&#8220;on|hover&#8220; icon_width__hover=&#8220;45px&#8220; transform_styles__hover_enabled=&#8220;on|hover&#8220; transform_scale__hover_enabled=&#8220;on|hover&#8220; transform_translate__hover_enabled=&#8220;on|desktop&#8220; transform_rotate__hover_enabled=&#8220;on|desktop&#8220; transform_skew__hover_enabled=&#8220;on|desktop&#8220; transform_origin__hover_enabled=&#8220;on|desktop&#8220; transform_scale__hover=&#8220;120%|120%&#8220; sticky_enabled=&#8220;0&#8243;][\/et_pb_icon][\/et_pb_column][\/et_pb_row][\/et_pb_section]<\/p>\n","protected":false},"excerpt":{"rendered":"<p>Gesch\u00e4ftsf\u00fchrerWir sind f\u00fcr Sie da!Marie Antoinette Orsine (A.K.A. Nanette) Gr\u00fcndungs- und Gesch\u00e4ftsf\u00fchrende Partnerin FrankreichMarkus Gebhardt Gesch\u00e4ftsf\u00fchrender Partner DeutschlandLeon Borst Gesch\u00e4ftsf\u00fchrender Partner Holland<\/p>\n","protected":false},"author":4,"featured_media":0,"parent":0,"menu_order":0,"comment_status":"closed","ping_status":"closed","template":"","meta":{"_et_pb_use_builder":"on","_et_pb_old_content":"","_et_gb_content_width":"","footnotes":""},"class_list":["post-654","page","type-page","status-publish","hentry"],"_links":{"self":[{"href":"https:\/\/challengelearning.com\/de\/wp-json\/wp\/v2\/pages\/654","targetHints":{"allow":["GET"]}}],"collection":[{"href":"https:\/\/challengelearning.com\/de\/wp-json\/wp\/v2\/pages"}],"about":[{"href":"https:\/\/challengelearning.com\/de\/wp-json\/wp\/v2\/types\/page"}],"author":[{"embeddable":true,"href":"https:\/\/challengelearning.com\/de\/wp-json\/wp\/v2\/users\/4"}],"replies":[{"embeddable":true,"href":"https:\/\/challengelearning.com\/de\/wp-json\/wp\/v2\/comments?post=654"}],"version-history":[{"count":38,"href":"https:\/\/challengelearning.com\/de\/wp-json\/wp\/v2\/pages\/654\/revisions"}],"predecessor-version":[{"id":3009,"href":"https:\/\/challengelearning.com\/de\/wp-json\/wp\/v2\/pages\/654\/revisions\/3009"}],"wp:attachment":[{"href":"https:\/\/challengelearning.com\/de\/wp-json\/wp\/v2\/media?parent=654"}],"curies":[{"name":"wp","href":"https:\/\/api.w.org\/{rel}","templated":true}]}}