{"id":354,"date":"2025-01-17T12:34:40","date_gmt":"2025-01-17T11:34:40","guid":{"rendered":"https:\/\/prototyp-2-website.spitzen-tech.de\/?page_id=354"},"modified":"2025-09-25T10:51:52","modified_gmt":"2025-09-25T08:51:52","slug":"agile-methoden","status":"publish","type":"page","link":"https:\/\/challengelearning.com\/de\/agile-methoden\/","title":{"rendered":"Agile Methoden"},"content":{"rendered":"<p>[et_pb_section fb_built=&#8220;1&#8243; _builder_version=&#8220;4.27.4&#8243; _module_preset=&#8220;default&#8220; background_image=&#8220;https:\/\/challengelearning.com\/wp-content\/uploads\/2025\/05\/agility.jpg&#8220; custom_padding=&#8220;100px||100px||true|&#8220; global_colors_info=&#8220;{}&#8220;][et_pb_row _builder_version=&#8220;4.27.4&#8243; _module_preset=&#8220;default&#8220; global_colors_info=&#8220;{}&#8220;][et_pb_column type=&#8220;4_4&#8243; _builder_version=&#8220;4.27.4&#8243; _module_preset=&#8220;default&#8220; global_colors_info=&#8220;{}&#8220;][\/et_pb_column][\/et_pb_row][\/et_pb_section][et_pb_section fb_built=&#8220;1&#8243; admin_label=&#8220;Services&#8220; _builder_version=&#8220;4.27.4&#8243; global_colors_info=&#8220;{}&#8220;][et_pb_row _builder_version=&#8220;4.27.4&#8243; _module_preset=&#8220;default&#8220; global_colors_info=&#8220;{}&#8220;][et_pb_column type=&#8220;4_4&#8243; _builder_version=&#8220;4.27.4&#8243; _module_preset=&#8220;default&#8220; global_colors_info=&#8220;{}&#8220;][et_pb_text _builder_version=&#8220;4.27.4&#8243; _module_preset=&#8220;default&#8220; header_font=&#8220;|700|||||||&#8220; header_text_color=&#8220;#545350&#8243; header_font_size=&#8220;60px&#8220; header_line_height=&#8220;1.5em&#8220; header_font_size_tablet=&#8220;50px&#8220; header_font_size_phone=&#8220;35px&#8220; header_font_size_last_edited=&#8220;on|phone&#8220; global_colors_info=&#8220;{}&#8220;]<\/p>\n<h1 style=\"text-align: center;\">Agile Methoden<\/h1>\n<p>[\/et_pb_text][\/et_pb_column][\/et_pb_row][et_pb_row _builder_version=&#8220;4.27.4&#8243; _module_preset=&#8220;default&#8220; global_colors_info=&#8220;{}&#8220;][et_pb_column type=&#8220;4_4&#8243; _builder_version=&#8220;4.27.4&#8243; _module_preset=&#8220;default&#8220; global_colors_info=&#8220;{}&#8220;][et_pb_text _builder_version=&#8220;4.27.4&#8243; _module_preset=&#8220;default&#8220; header_2_font=&#8220;|600|||||||&#8220; header_2_text_color=&#8220;#be2827&#8243; header_2_font_size=&#8220;40px&#8220; header_2_line_height=&#8220;1.5em&#8220; header_3_font_size=&#8220;30px&#8220; header_3_line_height=&#8220;1.5em&#8220; header_2_font_size_tablet=&#8220;35px&#8220; header_2_font_size_phone=&#8220;30px&#8220; header_2_font_size_last_edited=&#8220;on|phone&#8220; header_3_font_size_tablet=&#8220;&#8220; header_3_font_size_phone=&#8220;22px&#8220; header_3_font_size_last_edited=&#8220;on|desktop&#8220; global_colors_info=&#8220;{}&#8220;]<\/p>\n<p>Sie stehen vor Herausforderungen und fragen sich, ob agiles Arbeiten Ihnen dabei helfen kann?<br \/>Sie wollen dabei aber die Kultur und DNA Ihrer Firma ver\u00e4ndern?<\/p>\n<p>Wir bei Challenge Learning sind Br\u00fcckenbauer und unterst\u00fctzen Unternehmen dabei, agil zu werden und ihre klassischen Qualit\u00e4ten zu behalten.<\/p>\n<p style=\"text-align: center;\"><strong><\/strong><\/p>\n<p>[\/et_pb_text][et_pb_text _builder_version=&#8220;4.27.4&#8243; _module_preset=&#8220;default&#8220; header_2_font=&#8220;|600|||||||&#8220; header_2_text_color=&#8220;#be2827&#8243; header_2_font_size=&#8220;40px&#8220; header_2_line_height=&#8220;1.5em&#8220; header_3_font_size=&#8220;30px&#8220; header_3_line_height=&#8220;1.5em&#8220; header_2_font_size_tablet=&#8220;35px&#8220; header_2_font_size_phone=&#8220;30px&#8220; header_2_font_size_last_edited=&#8220;on|phone&#8220; header_3_font_size_tablet=&#8220;&#8220; header_3_font_size_phone=&#8220;22px&#8220; header_3_font_size_last_edited=&#8220;on|desktop&#8220; global_colors_info=&#8220;{}&#8220;]<\/p>\n<h2 style=\"text-align: left;\"><strong>Wir betrachten Sie ganzheitlich und fragen uns:<\/strong><strong><\/strong><strong><\/strong><\/h2>\n<p>[\/et_pb_text][et_pb_blurb title=&#8220;Was verlangt Ihre Strategie?&#8220; use_icon=&#8220;on&#8220; font_icon=&#8220;&#x35;||divi||400&#8243; icon_color=&#8220;#000000&#8243; icon_placement=&#8220;left&#8220; image_icon_width=&#8220;37px&#8220; content_max_width=&#8220;100%&#8220; image_icon_width_tablet=&#8220;37px&#8220; image_icon_width_phone=&#8220;37px&#8220; image_icon_width_last_edited=&#8220;on|phone&#8220; _builder_version=&#8220;4.27.4&#8243; _module_preset=&#8220;bbd70754-49fa-4988-ad64-9765b3b8d0fe&#8220; header_level=&#8220;h3&#8243; header_font=&#8220;|700|||||||&#8220; header_text_color=&#8220;#be2827&#8243; header_font_size=&#8220;25px&#8220; header_line_height=&#8220;1.5em&#8220; custom_margin=&#8220;||10px||false|false&#8220; animation_style=&#8220;slide&#8220; animation_direction=&#8220;left&#8220; header_font_size_tablet=&#8220;25px&#8220; header_font_size_phone=&#8220;22px&#8220; header_font_size_last_edited=&#8220;on|phone&#8220; global_colors_info=&#8220;{}&#8220;][\/et_pb_blurb][et_pb_blurb title=&#8220;Was ist der Gewinn, was sind langfristige Folgen?&#8220; use_icon=&#8220;on&#8220; font_icon=&#8220;&#x35;||divi||400&#8243; icon_color=&#8220;#000000&#8243; icon_placement=&#8220;left&#8220; image_icon_width=&#8220;37px&#8220; content_max_width=&#8220;100%&#8220; image_icon_width_tablet=&#8220;37px&#8220; image_icon_width_phone=&#8220;37px&#8220; image_icon_width_last_edited=&#8220;on|phone&#8220; _builder_version=&#8220;4.27.4&#8243; _module_preset=&#8220;bbd70754-49fa-4988-ad64-9765b3b8d0fe&#8220; header_level=&#8220;h3&#8243; header_font=&#8220;|700|||||||&#8220; header_text_color=&#8220;#be2827&#8243; header_font_size=&#8220;25px&#8220; header_line_height=&#8220;1.5em&#8220; custom_margin=&#8220;||10px||false|false&#8220; animation_style=&#8220;slide&#8220; animation_direction=&#8220;left&#8220; header_font_size_tablet=&#8220;25px&#8220; header_font_size_phone=&#8220;22px&#8220; header_font_size_last_edited=&#8220;on|phone&#8220; global_colors_info=&#8220;{}&#8220;][\/et_pb_blurb][et_pb_blurb title=&#8220;Passt %22Agile%22 in die Kultur Ihres Unternehmens?&#8220; use_icon=&#8220;on&#8220; font_icon=&#8220;&#x35;||divi||400&#8243; icon_color=&#8220;#000000&#8243; icon_placement=&#8220;left&#8220; image_icon_width=&#8220;37px&#8220; content_max_width=&#8220;100%&#8220; image_icon_width_tablet=&#8220;37px&#8220; image_icon_width_phone=&#8220;37px&#8220; image_icon_width_last_edited=&#8220;on|phone&#8220; _builder_version=&#8220;4.27.4&#8243; _module_preset=&#8220;bbd70754-49fa-4988-ad64-9765b3b8d0fe&#8220; header_level=&#8220;h3&#8243; header_font=&#8220;|700|||||||&#8220; header_text_color=&#8220;#be2827&#8243; header_font_size=&#8220;25px&#8220; header_line_height=&#8220;1.5em&#8220; custom_margin=&#8220;||10px||false|false&#8220; animation_style=&#8220;slide&#8220; animation_direction=&#8220;left&#8220; header_font_size_tablet=&#8220;25px&#8220; header_font_size_phone=&#8220;22px&#8220; header_font_size_last_edited=&#8220;on|phone&#8220; global_colors_info=&#8220;{}&#8220;][\/et_pb_blurb][et_pb_blurb title=&#8220;Und was hei\u00dft es f\u00fcr Menschen und Teams?&#8220; use_icon=&#8220;on&#8220; font_icon=&#8220;&#x35;||divi||400&#8243; icon_color=&#8220;#000000&#8243; icon_placement=&#8220;left&#8220; image_icon_width=&#8220;37px&#8220; content_max_width=&#8220;100%&#8220; image_icon_width_tablet=&#8220;37px&#8220; image_icon_width_phone=&#8220;37px&#8220; image_icon_width_last_edited=&#8220;on|phone&#8220; _builder_version=&#8220;4.27.4&#8243; _module_preset=&#8220;bbd70754-49fa-4988-ad64-9765b3b8d0fe&#8220; header_level=&#8220;h3&#8243; header_font=&#8220;|700|||||||&#8220; header_text_color=&#8220;#be2827&#8243; header_font_size=&#8220;25px&#8220; header_line_height=&#8220;1.5em&#8220; custom_margin=&#8220;||10px||false|false&#8220; animation_style=&#8220;slide&#8220; animation_direction=&#8220;left&#8220; header_font_size_tablet=&#8220;25px&#8220; header_font_size_phone=&#8220;22px&#8220; header_font_size_last_edited=&#8220;on|phone&#8220; global_colors_info=&#8220;{}&#8220;][\/et_pb_blurb][\/et_pb_column][\/et_pb_row][et_pb_row _builder_version=&#8220;4.27.4&#8243; _module_preset=&#8220;default&#8220; global_colors_info=&#8220;{}&#8220;][et_pb_column type=&#8220;4_4&#8243; _builder_version=&#8220;4.27.4&#8243; _module_preset=&#8220;default&#8220; global_colors_info=&#8220;{}&#8220;][et_pb_text _builder_version=&#8220;4.27.4&#8243; _module_preset=&#8220;default&#8220; header_2_font=&#8220;|600|||||||&#8220; header_2_text_color=&#8220;#be2827&#8243; header_2_font_size=&#8220;40px&#8220; header_2_line_height=&#8220;1.5em&#8220; header_3_font_size=&#8220;30px&#8220; header_3_line_height=&#8220;1.5em&#8220; header_2_font_size_tablet=&#8220;35px&#8220; header_2_font_size_phone=&#8220;30px&#8220; header_2_font_size_last_edited=&#8220;on|phone&#8220; header_3_font_size_tablet=&#8220;&#8220; header_3_font_size_phone=&#8220;22px&#8220; header_3_font_size_last_edited=&#8220;on|desktop&#8220; global_colors_info=&#8220;{}&#8220;]<\/p>\n<p style=\"text-align: left;\"><strong>Wir verf\u00fcgen \u00fcber jahrelange Erfahrung, sind ein starkes, internationales Netzwerk, agil, aufgeschlossen, schnell.<\/strong><\/p>\n<p>[\/et_pb_text][\/et_pb_column][\/et_pb_row][et_pb_row _builder_version=&#8220;4.27.4&#8243; _module_preset=&#8220;default&#8220; global_colors_info=&#8220;{}&#8220;][et_pb_column type=&#8220;4_4&#8243; _builder_version=&#8220;4.27.4&#8243; _module_preset=&#8220;default&#8220; global_colors_info=&#8220;{}&#8220;][et_pb_text _builder_version=&#8220;4.27.4&#8243; _module_preset=&#8220;default&#8220; header_2_font=&#8220;|600|||||||&#8220; header_2_text_color=&#8220;#be2827&#8243; header_2_font_size=&#8220;40px&#8220; header_2_line_height=&#8220;1.5em&#8220; header_3_font_size=&#8220;30px&#8220; header_3_line_height=&#8220;1.5em&#8220; header_2_font_size_tablet=&#8220;35px&#8220; header_2_font_size_phone=&#8220;30px&#8220; header_2_font_size_last_edited=&#8220;on|phone&#8220; header_3_font_size_tablet=&#8220;&#8220; header_3_font_size_phone=&#8220;22px&#8220; header_3_font_size_last_edited=&#8220;on|desktop&#8220; global_colors_info=&#8220;{}&#8220;]<\/p>\n<h2 style=\"text-align: center;\"><strong>Wir bieten Ihnen:<\/strong><strong><\/strong><strong><\/strong><\/h2>\n<p>[\/et_pb_text][\/et_pb_column][\/et_pb_row][et_pb_row column_structure=&#8220;1_2,1_2&#8243; _builder_version=&#8220;4.27.4&#8243; _module_preset=&#8220;default&#8220; global_colors_info=&#8220;{}&#8220;][et_pb_column type=&#8220;1_2&#8243; _builder_version=&#8220;4.27.4&#8243; _module_preset=&#8220;default&#8220; global_colors_info=&#8220;{}&#8220;][et_pb_blurb title=&#8220;Strategieentwicklung&#8220; use_icon=&#8220;on&#8220; font_icon=&#8220;&#xf0eb;||fa||400&#8243; icon_color=&#8220;#545350&#8243; image_icon_width=&#8220;40px&#8220; _builder_version=&#8220;4.27.4&#8243; _module_preset=&#8220;4b92905e-9236-4a4d-b1eb-2bf004827169&#8243; header_font=&#8220;|700|||||||&#8220; header_text_align=&#8220;center&#8220; header_text_color=&#8220;#be2827&#8243; header_font_size=&#8220;20px&#8220; header_line_height=&#8220;1.5em&#8220; body_font_size=&#8220;12px&#8220; background_color=&#8220;#e9eaee&#8220; custom_padding=&#8220;40px|40px|40px|40px|true|true&#8220; custom_padding_tablet=&#8220;30px|30px|30px|30px|true|true&#8220; custom_padding_phone=&#8220;20px|20px|20px|20px|true|true&#8220; custom_padding_last_edited=&#8220;on|phone&#8220; animation=&#8220;off&#8220; hover_enabled=&#8220;0&#8243; header_font_size_tablet=&#8220;&#8220; header_font_size_phone=&#8220;&#8220; header_font_size_last_edited=&#8220;on|phone&#8220; box_shadow_style=&#8220;preset3&#8243; box_shadow_vertical=&#8220;30px&#8220; box_shadow_blur=&#8220;60px&#8220; box_shadow_spread=&#8220;0px&#8220; box_shadow_color=&#8220;rgba(53,66,85,0.1)&#8220; locked=&#8220;off&#8220; global_colors_info=&#8220;{}&#8220; icon_color__hover=&#8220;#FFFFFF&#8220; icon_color__hover_enabled=&#8220;on|hover&#8220; header_text_color__hover=&#8220;#FFFFFF&#8220; header_text_color__hover_enabled=&#8220;on|hover&#8220; background_color__hover=&#8220;#1D1D25&#8243; background__hover_enabled=&#8220;on|hover&#8220; body_text_color__hover=&#8220;#FFFFFF&#8220; body_text_color__hover_enabled=&#8220;on|hover&#8220; background_enable_color__hover=&#8220;on&#8220; header_level=&#8220;h3&#8243; sticky_enabled=&#8220;0&#8243;][\/et_pb_blurb][\/et_pb_column][et_pb_column type=&#8220;1_2&#8243; _builder_version=&#8220;4.27.4&#8243; _module_preset=&#8220;default&#8220; global_colors_info=&#8220;{}&#8220;][et_pb_blurb title=&#8220;Nachhaltige Umsetzung des agilen Mindsets&#8220; use_icon=&#8220;on&#8220; font_icon=&#8220;&#xf4fd;||fa||900&#8243; icon_color=&#8220;#545350&#8243; image_icon_width=&#8220;40px&#8220; _builder_version=&#8220;4.27.4&#8243; _module_preset=&#8220;4b92905e-9236-4a4d-b1eb-2bf004827169&#8243; header_font=&#8220;|700|||||||&#8220; header_text_align=&#8220;center&#8220; header_text_color=&#8220;#be2827&#8243; header_font_size=&#8220;20px&#8220; header_line_height=&#8220;1.5em&#8220; body_font_size=&#8220;12px&#8220; background_color=&#8220;#e9eaee&#8220; custom_padding=&#8220;40px|40px|40px|40px|true|true&#8220; custom_padding_tablet=&#8220;30px|30px|30px|30px|true|true&#8220; custom_padding_phone=&#8220;20px|20px|20px|20px|true|true&#8220; custom_padding_last_edited=&#8220;on|phone&#8220; animation=&#8220;off&#8220; hover_enabled=&#8220;0&#8243; header_font_size_tablet=&#8220;&#8220; header_font_size_phone=&#8220;&#8220; header_font_size_last_edited=&#8220;on|phone&#8220; box_shadow_style=&#8220;preset3&#8243; box_shadow_vertical=&#8220;30px&#8220; box_shadow_blur=&#8220;60px&#8220; box_shadow_spread=&#8220;0px&#8220; box_shadow_color=&#8220;rgba(53,66,85,0.1)&#8220; locked=&#8220;off&#8220; global_colors_info=&#8220;{}&#8220; icon_color__hover=&#8220;#FFFFFF&#8220; icon_color__hover_enabled=&#8220;on|hover&#8220; header_text_color__hover=&#8220;#FFFFFF&#8220; header_text_color__hover_enabled=&#8220;on|hover&#8220; background_color__hover=&#8220;#1D1D25&#8243; background__hover_enabled=&#8220;on|hover&#8220; body_text_color__hover=&#8220;#FFFFFF&#8220; body_text_color__hover_enabled=&#8220;on|hover&#8220; background_enable_color__hover=&#8220;on&#8220; header_level=&#8220;h3&#8243; sticky_enabled=&#8220;0&#8243;][\/et_pb_blurb][\/et_pb_column][\/et_pb_row][et_pb_row column_structure=&#8220;1_2,1_2&#8243; _builder_version=&#8220;4.27.4&#8243; _module_preset=&#8220;default&#8220; global_colors_info=&#8220;{}&#8220;][et_pb_column type=&#8220;1_2&#8243; _builder_version=&#8220;4.27.4&#8243; _module_preset=&#8220;default&#8220; global_colors_info=&#8220;{}&#8220;][et_pb_blurb title=&#8220;Teamentwicklung, F\u00fchrungsbegleitung und HR-Qualifizierung&#8220; use_icon=&#8220;on&#8220; font_icon=&#8220;&#xf509;||fa||900&#8243; icon_color=&#8220;#545350&#8243; image_icon_width=&#8220;40px&#8220; _builder_version=&#8220;4.27.4&#8243; _module_preset=&#8220;4b92905e-9236-4a4d-b1eb-2bf004827169&#8243; header_font=&#8220;|700|||||||&#8220; header_text_align=&#8220;center&#8220; header_text_color=&#8220;#be2827&#8243; header_font_size=&#8220;20px&#8220; header_line_height=&#8220;1.5em&#8220; body_font_size=&#8220;12px&#8220; background_color=&#8220;#e9eaee&#8220; custom_padding=&#8220;40px|40px|40px|40px|true|true&#8220; custom_padding_tablet=&#8220;30px|30px|30px|30px|true|true&#8220; custom_padding_phone=&#8220;20px|20px|20px|20px|true|true&#8220; custom_padding_last_edited=&#8220;on|phone&#8220; animation=&#8220;off&#8220; hover_enabled=&#8220;0&#8243; header_font_size_tablet=&#8220;&#8220; header_font_size_phone=&#8220;&#8220; header_font_size_last_edited=&#8220;on|phone&#8220; box_shadow_style=&#8220;preset3&#8243; box_shadow_vertical=&#8220;30px&#8220; box_shadow_blur=&#8220;60px&#8220; box_shadow_spread=&#8220;0px&#8220; box_shadow_color=&#8220;rgba(53,66,85,0.1)&#8220; locked=&#8220;off&#8220; global_colors_info=&#8220;{}&#8220; icon_color__hover=&#8220;#FFFFFF&#8220; icon_color__hover_enabled=&#8220;on|hover&#8220; header_text_color__hover=&#8220;#FFFFFF&#8220; header_text_color__hover_enabled=&#8220;on|hover&#8220; background_color__hover=&#8220;#1D1D25&#8243; background__hover_enabled=&#8220;on|hover&#8220; body_text_color__hover=&#8220;#FFFFFF&#8220; body_text_color__hover_enabled=&#8220;on|hover&#8220; background_enable_color__hover=&#8220;on&#8220; header_level=&#8220;h3&#8243; sticky_enabled=&#8220;0&#8243;][\/et_pb_blurb][\/et_pb_column][et_pb_column type=&#8220;1_2&#8243; _builder_version=&#8220;4.27.4&#8243; _module_preset=&#8220;default&#8220; global_colors_info=&#8220;{}&#8220;][et_pb_blurb title=&#8220;Einf\u00fchrung von Agilit\u00e4t im interkulturellen und internationalen Kontext&#8220; use_icon=&#8220;on&#8220; font_icon=&#8220;&#xf70c;||fa||900&#8243; icon_color=&#8220;#545350&#8243; image_icon_width=&#8220;40px&#8220; _builder_version=&#8220;4.27.4&#8243; _module_preset=&#8220;4b92905e-9236-4a4d-b1eb-2bf004827169&#8243; header_font=&#8220;|700|||||||&#8220; header_text_align=&#8220;center&#8220; header_text_color=&#8220;#be2827&#8243; header_font_size=&#8220;20px&#8220; header_line_height=&#8220;1.5em&#8220; body_font_size=&#8220;12px&#8220; background_color=&#8220;#e9eaee&#8220; custom_padding=&#8220;40px|40px|40px|40px|true|true&#8220; custom_padding_tablet=&#8220;30px|30px|30px|30px|true|true&#8220; custom_padding_phone=&#8220;20px|20px|20px|20px|true|true&#8220; custom_padding_last_edited=&#8220;on|phone&#8220; animation=&#8220;off&#8220; hover_enabled=&#8220;0&#8243; header_font_size_tablet=&#8220;&#8220; header_font_size_phone=&#8220;&#8220; header_font_size_last_edited=&#8220;on|phone&#8220; box_shadow_style=&#8220;preset3&#8243; box_shadow_vertical=&#8220;30px&#8220; box_shadow_blur=&#8220;60px&#8220; box_shadow_spread=&#8220;0px&#8220; box_shadow_color=&#8220;rgba(53,66,85,0.1)&#8220; locked=&#8220;off&#8220; global_colors_info=&#8220;{}&#8220; icon_color__hover=&#8220;#FFFFFF&#8220; icon_color__hover_enabled=&#8220;on|hover&#8220; header_text_color__hover=&#8220;#FFFFFF&#8220; header_text_color__hover_enabled=&#8220;on|hover&#8220; background_color__hover=&#8220;#1D1D25&#8243; background__hover_enabled=&#8220;on|hover&#8220; body_text_color__hover=&#8220;#FFFFFF&#8220; body_text_color__hover_enabled=&#8220;on|hover&#8220; background_enable_color__hover=&#8220;on&#8220; header_level=&#8220;h3&#8243; sticky_enabled=&#8220;0&#8243;][\/et_pb_blurb][\/et_pb_column][\/et_pb_row][et_pb_row _builder_version=&#8220;4.27.4&#8243; _module_preset=&#8220;default&#8220; global_colors_info=&#8220;{}&#8220;][et_pb_column type=&#8220;4_4&#8243; _builder_version=&#8220;4.27.4&#8243; _module_preset=&#8220;default&#8220; global_colors_info=&#8220;{}&#8220;][et_pb_text _builder_version=&#8220;4.27.4&#8243; _module_preset=&#8220;default&#8220; header_2_font=&#8220;|600|||||||&#8220; header_2_text_color=&#8220;#be2827&#8243; header_2_font_size=&#8220;40px&#8220; header_2_line_height=&#8220;1.5em&#8220; header_3_font_size=&#8220;30px&#8220; header_3_line_height=&#8220;1.5em&#8220; header_2_font_size_tablet=&#8220;35px&#8220; header_2_font_size_phone=&#8220;30px&#8220; header_2_font_size_last_edited=&#8220;on|phone&#8220; header_3_font_size_tablet=&#8220;&#8220; header_3_font_size_phone=&#8220;22px&#8220; header_3_font_size_last_edited=&#8220;on|desktop&#8220; global_colors_info=&#8220;{}&#8220;]<\/p>\n<h2 style=\"text-align: center;\"><strong>Wir stehen f\u00fcr Sorgfalt in der Begleitung.<\/strong><strong><\/strong><strong><\/strong><\/h2>\n<p>[\/et_pb_text][et_pb_text _builder_version=&#8220;4.27.4&#8243; _module_preset=&#8220;default&#8220; header_2_font=&#8220;|600|||||||&#8220; header_2_text_color=&#8220;#be2827&#8243; header_2_font_size=&#8220;40px&#8220; header_2_line_height=&#8220;1.5em&#8220; header_3_font_size=&#8220;30px&#8220; header_3_line_height=&#8220;1.5em&#8220; header_2_font_size_tablet=&#8220;35px&#8220; header_2_font_size_phone=&#8220;30px&#8220; header_2_font_size_last_edited=&#8220;on|phone&#8220; header_3_font_size_tablet=&#8220;&#8220; header_3_font_size_phone=&#8220;22px&#8220; header_3_font_size_last_edited=&#8220;on|desktop&#8220; global_colors_info=&#8220;{}&#8220;]<\/p>\n<p style=\"text-align: center;\">Kommen Sie mit uns ins Gespr\u00e4ch!<\/p>\n<p>[\/et_pb_text][et_pb_button button_url=&#8220;https:\/\/challengelearning.com\/de\/contact\/&#8220; button_text=&#8220;Kontakt&#8220; button_alignment=&#8220;center&#8220; _builder_version=&#8220;4.27.4&#8243; custom_button=&#8220;on&#8220; button_text_size=&#8220;16px&#8220; button_text_color=&#8220;#FFFFFF&#8220; button_bg_color=&#8220;#be2827&#8243; button_border_width=&#8220;10px&#8220; button_border_color=&#8220;rgba(210,159,104,0)&#8220; button_border_radius=&#8220;30px&#8220; button_font=&#8220;|900|||||||&#8220; button_icon=&#8220;&#x3d;||divi||400&#8243; button_bg_color_hover=&#8220;#4159a0&#8243; locked=&#8220;off&#8220; global_colors_info=&#8220;{}&#8220; button_text_size__hover_enabled=&#8220;off&#8220; button_one_text_size__hover_enabled=&#8220;off&#8220; button_two_text_size__hover_enabled=&#8220;off&#8220; button_text_color__hover_enabled=&#8220;off&#8220; button_one_text_color__hover_enabled=&#8220;off&#8220; button_two_text_color__hover_enabled=&#8220;off&#8220; button_border_width__hover_enabled=&#8220;off&#8220; button_one_border_width__hover_enabled=&#8220;off&#8220; button_two_border_width__hover_enabled=&#8220;off&#8220; button_border_color__hover_enabled=&#8220;off&#8220; button_one_border_color__hover_enabled=&#8220;off&#8220; button_two_border_color__hover_enabled=&#8220;off&#8220; button_border_radius__hover_enabled=&#8220;off&#8220; button_one_border_radius__hover_enabled=&#8220;off&#8220; button_two_border_radius__hover_enabled=&#8220;off&#8220; button_letter_spacing__hover_enabled=&#8220;off&#8220; button_one_letter_spacing__hover_enabled=&#8220;off&#8220; button_two_letter_spacing__hover_enabled=&#8220;off&#8220; button_bg_color__hover_enabled=&#8220;on|desktop&#8220; button_bg_color__hover=&#8220;#444444&#8243; button_one_bg_color__hover_enabled=&#8220;off&#8220; button_two_bg_color__hover_enabled=&#8220;off&#8220; button_bg_enable_color__hover=&#8220;on&#8220;]<\/p>\n<h1>About Anthony<\/h1>\n<h3>Business CoacH<\/h3>\n<p>Lorem ipsum dolor sit amet, consectetur adipiscing elit, sed do eiusmod tempor incididunt ut labore et dolore magna aliqua. Ut enim ad minim veniam. Lorem ipsum dolor sit amet, cons<\/p>\n<p>[\/et_pb_button][\/et_pb_column][\/et_pb_row][\/et_pb_section]<\/p>\n","protected":false},"excerpt":{"rendered":"<p>Agile MethodenSie stehen vor Herausforderungen und fragen sich, ob agiles Arbeiten Ihnen dabei helfen kann?Sie wollen dabei aber die Kultur und DNA Ihrer Firma ver\u00e4ndern? Wir bei Challenge Learning sind Br\u00fcckenbauer und unterst\u00fctzen Unternehmen dabei, agil zu werden und ihre klassischen Qualit\u00e4ten zu behalten. Wir betrachten Sie ganzheitlich und fragen uns:Wir verf\u00fcgen \u00fcber jahrelange Erfahrung, [&hellip;]<\/p>\n","protected":false},"author":4,"featured_media":0,"parent":0,"menu_order":0,"comment_status":"closed","ping_status":"closed","template":"","meta":{"_et_pb_use_builder":"on","_et_pb_old_content":"","_et_gb_content_width":"","footnotes":""},"class_list":["post-354","page","type-page","status-publish","hentry"],"_links":{"self":[{"href":"https:\/\/challengelearning.com\/de\/wp-json\/wp\/v2\/pages\/354","targetHints":{"allow":["GET"]}}],"collection":[{"href":"https:\/\/challengelearning.com\/de\/wp-json\/wp\/v2\/pages"}],"about":[{"href":"https:\/\/challengelearning.com\/de\/wp-json\/wp\/v2\/types\/page"}],"author":[{"embeddable":true,"href":"https:\/\/challengelearning.com\/de\/wp-json\/wp\/v2\/users\/4"}],"replies":[{"embeddable":true,"href":"https:\/\/challengelearning.com\/de\/wp-json\/wp\/v2\/comments?post=354"}],"version-history":[{"count":9,"href":"https:\/\/challengelearning.com\/de\/wp-json\/wp\/v2\/pages\/354\/revisions"}],"predecessor-version":[{"id":3186,"href":"https:\/\/challengelearning.com\/de\/wp-json\/wp\/v2\/pages\/354\/revisions\/3186"}],"wp:attachment":[{"href":"https:\/\/challengelearning.com\/de\/wp-json\/wp\/v2\/media?parent=354"}],"curies":[{"name":"wp","href":"https:\/\/api.w.org\/{rel}","templated":true}]}}