{"id":1065,"date":"2025-03-17T12:36:40","date_gmt":"2025-03-17T11:36:40","guid":{"rendered":"https:\/\/prototyp-2-website.spitzen-tech.de\/?page_id=1065"},"modified":"2026-03-31T09:17:01","modified_gmt":"2026-03-31T07:17:01","slug":"hannes-peschka","status":"publish","type":"page","link":"https:\/\/challengelearning.com\/de\/hannes-peschka\/","title":{"rendered":"Hannes Peschka"},"content":{"rendered":"<p>[et_pb_section fb_built=&#8220;1&#8243; _builder_version=&#8220;4.27.4&#8243; _module_preset=&#8220;default&#8220; global_colors_info=&#8220;{}&#8220;][et_pb_row column_structure=&#8220;1_3,2_3&#8243; _builder_version=&#8220;4.27.4&#8243; _module_preset=&#8220;default&#8220; animation_style=&#8220;slide&#8220; animation_direction=&#8220;top&#8220; global_colors_info=&#8220;{}&#8220;][et_pb_column type=&#8220;1_3&#8243; _builder_version=&#8220;4.27.4&#8243; _module_preset=&#8220;default&#8220; global_colors_info=&#8220;{}&#8220;][et_pb_image src=&#8220;https:\/\/challengelearning.com\/wp-content\/uploads\/2025\/03\/Bild_Hannes-Peschka.jpg&#8220; alt=&#8220;Bild_Hannes Peschka&#8220; title_text=&#8220;Bild_Hannes Peschka&#8220; _builder_version=&#8220;4.27.4&#8243; _module_preset=&#8220;default&#8220; animation_direction=&#8220;top&#8220; global_colors_info=&#8220;{}&#8220;][\/et_pb_image][\/et_pb_column][et_pb_column type=&#8220;2_3&#8243; _builder_version=&#8220;4.27.4&#8243; _module_preset=&#8220;default&#8220; global_colors_info=&#8220;{}&#8220;][et_pb_text _builder_version=&#8220;4.27.4&#8243; _module_preset=&#8220;default&#8220; header_font=&#8220;|600|||||||&#8220; header_text_color=&#8220;#be2827&#8243; header_line_height=&#8220;1.3em&#8220; header_2_font_size=&#8220;22px&#8220; header_2_line_height=&#8220;1.5em&#8220; header_3_font_size=&#8220;20px&#8220; header_3_line_height=&#8220;1.3em&#8220; header_font_size_tablet=&#8220;&#8220; header_font_size_phone=&#8220;&#8220; header_font_size_last_edited=&#8220;on|phone&#8220; header_2_font_size_tablet=&#8220;22px&#8220; header_2_font_size_phone=&#8220;22px&#8220; header_2_font_size_last_edited=&#8220;on|phone&#8220; header_3_font_size_tablet=&#8220;20px&#8220; header_3_font_size_phone=&#8220;20px&#8220; header_3_font_size_last_edited=&#8220;on|phone&#8220; global_colors_info=&#8220;{}&#8220;]<\/p>\n<h1>Hannes Peschka<\/h1>\n<p>[\/et_pb_text][et_pb_text _builder_version=&#8220;4.27.6&#8243; _module_preset=&#8220;default&#8220; header_2_font=&#8220;|600|||||||&#8220; header_2_text_color=&#8220;#be2827&#8243; header_2_font_size=&#8220;40px&#8220; header_2_line_height=&#8220;1.5em&#8220; header_3_font_size=&#8220;30px&#8220; header_3_line_height=&#8220;1.5em&#8220; hover_enabled=&#8220;0&#8243; header_2_font_size_tablet=&#8220;35px&#8220; header_2_font_size_phone=&#8220;30px&#8220; header_2_font_size_last_edited=&#8220;on|phone&#8220; header_3_font_size_tablet=&#8220;&#8220; header_3_font_size_phone=&#8220;22px&#8220; header_3_font_size_last_edited=&#8220;on|desktop&#8220; global_colors_info=&#8220;{}&#8220; sticky_enabled=&#8220;0&#8243;]<\/p>\n<p>Hannes arbeitet als Trainer, systemischer Berater und Mediator f\u00fcr Challenge Learning. <\/p>\n<p>Er begleitet Teams, F\u00fchrungskr\u00e4fte und Organisationen in Entwicklungs-, Kl\u00e4rungs- und Ver\u00e4nderungsprozessen. Dabei verbindet er eine respektvolle, l\u00f6sungsorientierte Haltung mit der F\u00e4higkeit, auch komplexe Dynamiken schnell zu erfassen und passende n\u00e4chste Schritte zu entwickeln.<\/p>\n<p>Ein besonderer Fokus seiner Arbeit liegt auf Teamworkshops, Rollenkl\u00e4rung, Zusammenarbeit und Konfliktthemen. Hannes gestaltet R\u00e4ume, in denen unterschiedliche Perspektiven sichtbar werden, Verst\u00e4ndigung m\u00f6glich wird und tragf\u00e4hige L\u00f6sungen entstehen k\u00f6nnen. Gerade bei anspruchsvollen Anliegen sorgt er f\u00fcr Struktur, Klarheit und eine konstruktive Arbeitsatmosph\u00e4re. <\/p>\n<p>In seiner Arbeit verbindet er systemische Beratung mit handlungs- und erlebnisorientierten Methoden. So bringt er Menschen nicht nur ins Gespr\u00e4ch, sondern auch konkret in Bewegung.<\/p>\n<p>[\/et_pb_text][\/et_pb_column][\/et_pb_row][\/et_pb_section]<\/p>\n","protected":false},"excerpt":{"rendered":"<p>Hannes PeschkaHannes arbeitet als Trainer, systemischer Berater und Mediator f\u00fcr Challenge Learning. Er begleitet Teams, F\u00fchrungskr\u00e4fte und Organisationen in Entwicklungs-, Kl\u00e4rungs- und Ver\u00e4nderungsprozessen. Dabei verbindet er eine respektvolle, l\u00f6sungsorientierte Haltung mit der F\u00e4higkeit, auch komplexe Dynamiken schnell zu erfassen und passende n\u00e4chste Schritte zu entwickeln. Ein besonderer Fokus seiner Arbeit liegt auf Teamworkshops, Rollenkl\u00e4rung, Zusammenarbeit [&hellip;]<\/p>\n","protected":false},"author":4,"featured_media":0,"parent":0,"menu_order":0,"comment_status":"closed","ping_status":"closed","template":"","meta":{"_et_pb_use_builder":"on","_et_pb_old_content":"","_et_gb_content_width":"","footnotes":""},"class_list":["post-1065","page","type-page","status-publish","hentry"],"_links":{"self":[{"href":"https:\/\/challengelearning.com\/de\/wp-json\/wp\/v2\/pages\/1065","targetHints":{"allow":["GET"]}}],"collection":[{"href":"https:\/\/challengelearning.com\/de\/wp-json\/wp\/v2\/pages"}],"about":[{"href":"https:\/\/challengelearning.com\/de\/wp-json\/wp\/v2\/types\/page"}],"author":[{"embeddable":true,"href":"https:\/\/challengelearning.com\/de\/wp-json\/wp\/v2\/users\/4"}],"replies":[{"embeddable":true,"href":"https:\/\/challengelearning.com\/de\/wp-json\/wp\/v2\/comments?post=1065"}],"version-history":[{"count":3,"href":"https:\/\/challengelearning.com\/de\/wp-json\/wp\/v2\/pages\/1065\/revisions"}],"predecessor-version":[{"id":3190,"href":"https:\/\/challengelearning.com\/de\/wp-json\/wp\/v2\/pages\/1065\/revisions\/3190"}],"wp:attachment":[{"href":"https:\/\/challengelearning.com\/de\/wp-json\/wp\/v2\/media?parent=1065"}],"curies":[{"name":"wp","href":"https:\/\/api.w.org\/{rel}","templated":true}]}}