{"id":1059,"date":"2025-03-17T12:34:13","date_gmt":"2025-03-17T11:34:13","guid":{"rendered":"https:\/\/prototyp-2-website.spitzen-tech.de\/?page_id=1059"},"modified":"2025-03-17T12:34:18","modified_gmt":"2025-03-17T11:34:18","slug":"sabina-schmalz","status":"publish","type":"page","link":"https:\/\/challengelearning.com\/de\/sabina-schmalz\/","title":{"rendered":"Sabina Schmalz"},"content":{"rendered":"<p>[et_pb_section fb_built=&#8220;1&#8243; _builder_version=&#8220;4.27.4&#8243; _module_preset=&#8220;default&#8220; global_colors_info=&#8220;{}&#8220; theme_builder_area=&#8220;post_content&#8220;][et_pb_row column_structure=&#8220;1_3,2_3&#8243; _builder_version=&#8220;4.27.4&#8243; _module_preset=&#8220;default&#8220; animation_style=&#8220;slide&#8220; animation_direction=&#8220;top&#8220; global_colors_info=&#8220;{}&#8220; theme_builder_area=&#8220;post_content&#8220;][et_pb_column type=&#8220;1_3&#8243; _builder_version=&#8220;4.27.4&#8243; _module_preset=&#8220;default&#8220; global_colors_info=&#8220;{}&#8220; theme_builder_area=&#8220;post_content&#8220;][et_pb_image src=&#8220;https:\/\/challengelearning.com\/wp-content\/uploads\/2025\/03\/Bild_Sabina-Schmalz.jpg&#8220; alt=&#8220;Bild_Sabina Schmalz&#8220; title_text=&#8220;Bild_Sabina Schmalz&#8220; _builder_version=&#8220;4.27.4&#8243; _module_preset=&#8220;default&#8220; animation_direction=&#8220;top&#8220; hover_enabled=&#8220;0&#8243; global_colors_info=&#8220;{}&#8220; theme_builder_area=&#8220;post_content&#8220; sticky_enabled=&#8220;0&#8243;][\/et_pb_image][\/et_pb_column][et_pb_column type=&#8220;2_3&#8243; _builder_version=&#8220;4.27.4&#8243; _module_preset=&#8220;default&#8220; global_colors_info=&#8220;{}&#8220; theme_builder_area=&#8220;post_content&#8220;][et_pb_text _builder_version=&#8220;4.27.4&#8243; _module_preset=&#8220;default&#8220; header_font=&#8220;|600|||||||&#8220; header_text_color=&#8220;#be2827&#8243; header_line_height=&#8220;1.3em&#8220; header_2_font_size=&#8220;22px&#8220; header_2_line_height=&#8220;1.5em&#8220; header_3_font_size=&#8220;20px&#8220; header_3_line_height=&#8220;1.3em&#8220; hover_enabled=&#8220;0&#8243; header_font_size_tablet=&#8220;&#8220; header_font_size_phone=&#8220;&#8220; header_font_size_last_edited=&#8220;on|phone&#8220; header_2_font_size_tablet=&#8220;22px&#8220; header_2_font_size_phone=&#8220;22px&#8220; header_2_font_size_last_edited=&#8220;on|phone&#8220; header_3_font_size_tablet=&#8220;20px&#8220; header_3_font_size_phone=&#8220;20px&#8220; header_3_font_size_last_edited=&#8220;on|phone&#8220; global_colors_info=&#8220;{}&#8220; theme_builder_area=&#8220;post_content&#8220; sticky_enabled=&#8220;0&#8243;]<\/p>\n<h1>Sabina Schmalz<\/h1>\n<p>[\/et_pb_text][et_pb_text _builder_version=&#8220;4.27.4&#8243; _module_preset=&#8220;default&#8220; header_2_font=&#8220;|600|||||||&#8220; header_2_text_color=&#8220;#be2827&#8243; header_2_font_size=&#8220;40px&#8220; header_2_line_height=&#8220;1.5em&#8220; header_3_font_size=&#8220;30px&#8220; header_3_line_height=&#8220;1.5em&#8220; hover_enabled=&#8220;0&#8243; header_2_font_size_tablet=&#8220;35px&#8220; header_2_font_size_phone=&#8220;30px&#8220; header_2_font_size_last_edited=&#8220;on|phone&#8220; header_3_font_size_tablet=&#8220;&#8220; header_3_font_size_phone=&#8220;22px&#8220; header_3_font_size_last_edited=&#8220;on|desktop&#8220; global_colors_info=&#8220;{}&#8220; theme_builder_area=&#8220;post_content&#8220; sticky_enabled=&#8220;0&#8243;]<\/p>\n<p>Als Trainerin, Beraterin und Coach arbeitet Sabina Schmalz mit Unternehmen, Teams und Managern im nationalen wie auch im internationalen Umfeld. Sie unterst\u00fctzt Ihre Kunden dabei, Ziele zu erreichen, Themen auf den Tisch zu bringen und Ver\u00e4nderung stattfinden zu lassen, immer mit dem notwendigen Fingerspitzengef\u00fchl f\u00fcr Mensch und Situation. Insbesondere bei den Themen Ver\u00e4nderung, Agilit\u00e4t und Digitalisierung ist es Sabina Schmalz wichtig, den Menschen mitzunehmen. Von ihrer Freude an Visualisierung profitieren ihre Kunden, ebenso wie von ihrem breiten Erfahrungsschatz u.a. von ihren Auslandsaufenthalten und als F\u00fchrungskraft in internationalen Unternehmen.<\/p>\n<p>Privat verbringt sie ihre Zeit mit ihrer Familie und ihrem Hund. Sie sind gerne gemeinsam in der Natur, in den Bergen oder am Meer, mal sportlich oder auch nur genie\u00dfend.<\/p>\n<p>&nbsp;<\/p>\n<p><strong>Sabinas Themenschwerpunkte<\/strong><\/p>\n<p>Die Gestaltung, Moderation und Durchf\u00fchrung von Trainings, Workshops und Coaching in deutscher und englischer Sprache zu den Themen F\u00fchrung, Ver\u00e4nderung, Teamentwicklung, Organisationsentwicklung und Kommunikation.<strong><\/strong><\/p>\n<p>[\/et_pb_text][\/et_pb_column][\/et_pb_row][\/et_pb_section]<\/p>\n","protected":false},"excerpt":{"rendered":"<p>Sabina SchmalzAls Trainerin, Beraterin und Coach arbeitet Sabina Schmalz mit Unternehmen, Teams und Managern im nationalen wie auch im internationalen Umfeld. Sie unterst\u00fctzt Ihre Kunden dabei, Ziele zu erreichen, Themen auf den Tisch zu bringen und Ver\u00e4nderung stattfinden zu lassen, immer mit dem notwendigen Fingerspitzengef\u00fchl f\u00fcr Mensch und Situation. Insbesondere bei den Themen Ver\u00e4nderung, Agilit\u00e4t [&hellip;]<\/p>\n","protected":false},"author":4,"featured_media":0,"parent":0,"menu_order":0,"comment_status":"closed","ping_status":"closed","template":"","meta":{"_et_pb_use_builder":"on","_et_pb_old_content":"","_et_gb_content_width":"","footnotes":""},"class_list":["post-1059","page","type-page","status-publish","hentry"],"_links":{"self":[{"href":"https:\/\/challengelearning.com\/de\/wp-json\/wp\/v2\/pages\/1059","targetHints":{"allow":["GET"]}}],"collection":[{"href":"https:\/\/challengelearning.com\/de\/wp-json\/wp\/v2\/pages"}],"about":[{"href":"https:\/\/challengelearning.com\/de\/wp-json\/wp\/v2\/types\/page"}],"author":[{"embeddable":true,"href":"https:\/\/challengelearning.com\/de\/wp-json\/wp\/v2\/users\/4"}],"replies":[{"embeddable":true,"href":"https:\/\/challengelearning.com\/de\/wp-json\/wp\/v2\/comments?post=1059"}],"version-history":[{"count":2,"href":"https:\/\/challengelearning.com\/de\/wp-json\/wp\/v2\/pages\/1059\/revisions"}],"predecessor-version":[{"id":1062,"href":"https:\/\/challengelearning.com\/de\/wp-json\/wp\/v2\/pages\/1059\/revisions\/1062"}],"wp:attachment":[{"href":"https:\/\/challengelearning.com\/de\/wp-json\/wp\/v2\/media?parent=1059"}],"curies":[{"name":"wp","href":"https:\/\/api.w.org\/{rel}","templated":true}]}}