{"id":1051,"date":"2025-03-17T12:30:55","date_gmt":"2025-03-17T11:30:55","guid":{"rendered":"https:\/\/prototyp-2-website.spitzen-tech.de\/?page_id=1051"},"modified":"2025-03-17T12:31:00","modified_gmt":"2025-03-17T11:31:00","slug":"manuel-brunn","status":"publish","type":"page","link":"https:\/\/challengelearning.com\/de\/manuel-brunn\/","title":{"rendered":"Manuel Brunn"},"content":{"rendered":"<p>[et_pb_section fb_built=&#8220;1&#8243; _builder_version=&#8220;4.27.4&#8243; _module_preset=&#8220;default&#8220; global_colors_info=&#8220;{}&#8220; theme_builder_area=&#8220;post_content&#8220;][et_pb_row column_structure=&#8220;1_3,2_3&#8243; _builder_version=&#8220;4.27.4&#8243; _module_preset=&#8220;default&#8220; animation_style=&#8220;slide&#8220; animation_direction=&#8220;top&#8220; global_colors_info=&#8220;{}&#8220; theme_builder_area=&#8220;post_content&#8220;][et_pb_column type=&#8220;1_3&#8243; _builder_version=&#8220;4.27.4&#8243; _module_preset=&#8220;default&#8220; global_colors_info=&#8220;{}&#8220; theme_builder_area=&#8220;post_content&#8220;][et_pb_image src=&#8220;https:\/\/challengelearning.com\/wp-content\/uploads\/2025\/03\/Bild_Manuel-Brunn.jpg&#8220; alt=&#8220;Bild_Manuel Brunn&#8220; title_text=&#8220;Bild_Manuel Brunn&#8220; _builder_version=&#8220;4.27.4&#8243; _module_preset=&#8220;default&#8220; animation_direction=&#8220;top&#8220; hover_enabled=&#8220;0&#8243; global_colors_info=&#8220;{}&#8220; theme_builder_area=&#8220;post_content&#8220; sticky_enabled=&#8220;0&#8243;][\/et_pb_image][\/et_pb_column][et_pb_column type=&#8220;2_3&#8243; _builder_version=&#8220;4.27.4&#8243; _module_preset=&#8220;default&#8220; global_colors_info=&#8220;{}&#8220; theme_builder_area=&#8220;post_content&#8220;][et_pb_text _builder_version=&#8220;4.27.4&#8243; _module_preset=&#8220;default&#8220; header_font=&#8220;|600|||||||&#8220; header_text_color=&#8220;#be2827&#8243; header_line_height=&#8220;1.3em&#8220; header_2_font_size=&#8220;22px&#8220; header_2_line_height=&#8220;1.5em&#8220; header_3_font_size=&#8220;20px&#8220; header_3_line_height=&#8220;1.3em&#8220; hover_enabled=&#8220;0&#8243; header_font_size_tablet=&#8220;&#8220; header_font_size_phone=&#8220;&#8220; header_font_size_last_edited=&#8220;on|phone&#8220; header_2_font_size_tablet=&#8220;22px&#8220; header_2_font_size_phone=&#8220;22px&#8220; header_2_font_size_last_edited=&#8220;on|phone&#8220; header_3_font_size_tablet=&#8220;20px&#8220; header_3_font_size_phone=&#8220;20px&#8220; header_3_font_size_last_edited=&#8220;on|phone&#8220; global_colors_info=&#8220;{}&#8220; theme_builder_area=&#8220;post_content&#8220; sticky_enabled=&#8220;0&#8243;]<\/p>\n<h1>Manuel Brunn<\/h1>\n<p>[\/et_pb_text][et_pb_text _builder_version=&#8220;4.27.4&#8243; _module_preset=&#8220;default&#8220; header_2_font=&#8220;|600|||||||&#8220; header_2_text_color=&#8220;#be2827&#8243; header_2_font_size=&#8220;40px&#8220; header_2_line_height=&#8220;1.5em&#8220; header_3_font_size=&#8220;30px&#8220; header_3_line_height=&#8220;1.5em&#8220; hover_enabled=&#8220;0&#8243; header_2_font_size_tablet=&#8220;35px&#8220; header_2_font_size_phone=&#8220;30px&#8220; header_2_font_size_last_edited=&#8220;on|phone&#8220; header_3_font_size_tablet=&#8220;&#8220; header_3_font_size_phone=&#8220;22px&#8220; header_3_font_size_last_edited=&#8220;on|desktop&#8220; global_colors_info=&#8220;{}&#8220; theme_builder_area=&#8220;post_content&#8220; sticky_enabled=&#8220;0&#8243;]<\/p>\n<p>Manuel Brunn begleitet seit \u00fcber 15 Jahren soziale Prozesse in den verschiedensten Kontexten, Unternehmen und Arbeitsfeldern. Sein Schwerpunkt liegt dabei auf der Begleitung, Moderation und Beratung von Team- und Organisationsentwicklungs-Ma\u00dfnahmen.<\/p>\n<p>Seine berufliche Expertise l\u00e4sst er als ausgebildeter Systemischer Berater zudem in der Konfliktmediation und in der Moderation gro\u00dfer Gruppen mit einflie\u00dfen.<\/p>\n<p>Aufgrund seiner langj\u00e4hrigen Erfahrung im In- und Ausland gelingt es ihm sehr gut, offen und prozessorientiert mit Teams auch in unterschiedlichen Kulturen zu agieren. Alle Ma\u00dfnahmen sind immer eine Coproduktion zusammen mit den Teilnehmern, F\u00fchrungskr\u00e4ften und relevanten Entscheidern.<\/p>\n<p>Eine weitere St\u00e4rke ist seine stark l\u00f6sungs- und ressourcenorientierte Arbeitsweise und Haltung.<\/p>\n<p>Als ehemaliges Mitglied der Sportkletter-Nationalmannschaft hat er langj\u00e4hrige Erfahrung im professionellen Leistungssport, welche er auch immer wieder bereichernd in die Arbeit mit Gruppen einflie\u00dfen l\u00e4sst.<strong><\/strong><\/p>\n<p>[\/et_pb_text][\/et_pb_column][\/et_pb_row][\/et_pb_section]<\/p>\n","protected":false},"excerpt":{"rendered":"<p>Manuel BrunnManuel Brunn begleitet seit \u00fcber 15 Jahren soziale Prozesse in den verschiedensten Kontexten, Unternehmen und Arbeitsfeldern. Sein Schwerpunkt liegt dabei auf der Begleitung, Moderation und Beratung von Team- und Organisationsentwicklungs-Ma\u00dfnahmen. Seine berufliche Expertise l\u00e4sst er als ausgebildeter Systemischer Berater zudem in der Konfliktmediation und in der Moderation gro\u00dfer Gruppen mit einflie\u00dfen. Aufgrund seiner langj\u00e4hrigen [&hellip;]<\/p>\n","protected":false},"author":4,"featured_media":0,"parent":0,"menu_order":0,"comment_status":"closed","ping_status":"closed","template":"","meta":{"_et_pb_use_builder":"on","_et_pb_old_content":"","_et_gb_content_width":"","footnotes":""},"class_list":["post-1051","page","type-page","status-publish","hentry"],"_links":{"self":[{"href":"https:\/\/challengelearning.com\/de\/wp-json\/wp\/v2\/pages\/1051","targetHints":{"allow":["GET"]}}],"collection":[{"href":"https:\/\/challengelearning.com\/de\/wp-json\/wp\/v2\/pages"}],"about":[{"href":"https:\/\/challengelearning.com\/de\/wp-json\/wp\/v2\/types\/page"}],"author":[{"embeddable":true,"href":"https:\/\/challengelearning.com\/de\/wp-json\/wp\/v2\/users\/4"}],"replies":[{"embeddable":true,"href":"https:\/\/challengelearning.com\/de\/wp-json\/wp\/v2\/comments?post=1051"}],"version-history":[{"count":2,"href":"https:\/\/challengelearning.com\/de\/wp-json\/wp\/v2\/pages\/1051\/revisions"}],"predecessor-version":[{"id":1055,"href":"https:\/\/challengelearning.com\/de\/wp-json\/wp\/v2\/pages\/1051\/revisions\/1055"}],"wp:attachment":[{"href":"https:\/\/challengelearning.com\/de\/wp-json\/wp\/v2\/media?parent=1051"}],"curies":[{"name":"wp","href":"https:\/\/api.w.org\/{rel}","templated":true}]}}