{"id":1042,"date":"2025-03-17T12:26:33","date_gmt":"2025-03-17T11:26:33","guid":{"rendered":"https:\/\/prototyp-2-website.spitzen-tech.de\/?page_id=1042"},"modified":"2025-03-17T12:26:38","modified_gmt":"2025-03-17T11:26:38","slug":"jochen-sell","status":"publish","type":"page","link":"https:\/\/challengelearning.com\/de\/jochen-sell\/","title":{"rendered":"Jochen Sell"},"content":{"rendered":"<p>[et_pb_section fb_built=&#8220;1&#8243; _builder_version=&#8220;4.27.4&#8243; _module_preset=&#8220;default&#8220; global_colors_info=&#8220;{}&#8220; theme_builder_area=&#8220;post_content&#8220;][et_pb_row column_structure=&#8220;1_3,2_3&#8243; _builder_version=&#8220;4.27.4&#8243; _module_preset=&#8220;default&#8220; animation_style=&#8220;slide&#8220; animation_direction=&#8220;top&#8220; global_colors_info=&#8220;{}&#8220; theme_builder_area=&#8220;post_content&#8220;][et_pb_column type=&#8220;1_3&#8243; _builder_version=&#8220;4.27.4&#8243; _module_preset=&#8220;default&#8220; global_colors_info=&#8220;{}&#8220; theme_builder_area=&#8220;post_content&#8220;][et_pb_image src=&#8220;https:\/\/challengelearning.com\/wp-content\/uploads\/2025\/03\/Bild_Jochen-Sell.jpg&#8220; alt=&#8220;Bild_Jochen Sell&#8220; title_text=&#8220;Bild_Jochen Sell&#8220; _builder_version=&#8220;4.27.4&#8243; _module_preset=&#8220;default&#8220; animation_direction=&#8220;top&#8220; hover_enabled=&#8220;0&#8243; global_colors_info=&#8220;{}&#8220; theme_builder_area=&#8220;post_content&#8220; sticky_enabled=&#8220;0&#8243;][\/et_pb_image][\/et_pb_column][et_pb_column type=&#8220;2_3&#8243; _builder_version=&#8220;4.27.4&#8243; _module_preset=&#8220;default&#8220; global_colors_info=&#8220;{}&#8220; theme_builder_area=&#8220;post_content&#8220;][et_pb_text _builder_version=&#8220;4.27.4&#8243; _module_preset=&#8220;default&#8220; header_font=&#8220;|600|||||||&#8220; header_text_color=&#8220;#be2827&#8243; header_line_height=&#8220;1.3em&#8220; header_2_font_size=&#8220;22px&#8220; header_2_line_height=&#8220;1.5em&#8220; header_3_font_size=&#8220;20px&#8220; header_3_line_height=&#8220;1.3em&#8220; hover_enabled=&#8220;0&#8243; header_font_size_tablet=&#8220;&#8220; header_font_size_phone=&#8220;&#8220; header_font_size_last_edited=&#8220;on|phone&#8220; header_2_font_size_tablet=&#8220;22px&#8220; header_2_font_size_phone=&#8220;22px&#8220; header_2_font_size_last_edited=&#8220;on|phone&#8220; header_3_font_size_tablet=&#8220;20px&#8220; header_3_font_size_phone=&#8220;20px&#8220; header_3_font_size_last_edited=&#8220;on|phone&#8220; global_colors_info=&#8220;{}&#8220; theme_builder_area=&#8220;post_content&#8220; sticky_enabled=&#8220;0&#8243;]<\/p>\n<h1>Jochen Sell<\/h1>\n<p>[\/et_pb_text][et_pb_text _builder_version=&#8220;4.27.4&#8243; _module_preset=&#8220;default&#8220; header_2_font=&#8220;|600|||||||&#8220; header_2_text_color=&#8220;#be2827&#8243; header_2_font_size=&#8220;40px&#8220; header_2_line_height=&#8220;1.5em&#8220; header_3_font_size=&#8220;30px&#8220; header_3_line_height=&#8220;1.5em&#8220; hover_enabled=&#8220;0&#8243; header_2_font_size_tablet=&#8220;35px&#8220; header_2_font_size_phone=&#8220;30px&#8220; header_2_font_size_last_edited=&#8220;on|phone&#8220; header_3_font_size_tablet=&#8220;&#8220; header_3_font_size_phone=&#8220;22px&#8220; header_3_font_size_last_edited=&#8220;on|desktop&#8220; global_colors_info=&#8220;{}&#8220; theme_builder_area=&#8220;post_content&#8220; sticky_enabled=&#8220;0&#8243;]<\/p>\n<p><strong>Management Trainer &amp; Coach<\/strong><\/p>\n<p>Jochen arbeitet als Management Trainer und Coach f\u00fcr Challenge Learning.<\/p>\n<p>Im seinem Studium der Diplomsportwissenschaften liegen die Wurzeln seiner Begeisterung f\u00fcr das erfahrungsbasierte Lernen.<\/p>\n<p>Er gestaltet und begleitet Lern- und Entwicklungsprozesse f\u00fcr Menschen in Teams und Organisationen mit dem Ziel, dass Aufgaben erfolgreich bew\u00e4ltigt und neue Herausforderungen selbstbewusst und motiviert angenommen werden. Dabei geht es um pers\u00f6nliche Haltung und die Entwicklung einer Kultur in der Mitarbeiter und Organisation in Passung mit Ihrem Wertebewusstsein sind und ihr Miteinander daran ausrichten.<\/p>\n<p>Zu seinem Methodenkoffer geh\u00f6ren interaktive Lernsettings drinnen wie drau\u00dfen, Planspiele und kreative Moderationstechniken.<\/p>\n<p>Seine Freizeit verbringt er gerne aktiv mit Familie und Freunden.<strong><\/strong><\/p>\n<p>[\/et_pb_text][\/et_pb_column][\/et_pb_row][\/et_pb_section]<\/p>\n","protected":false},"excerpt":{"rendered":"<p>Jochen SellManagement Trainer &amp; Coach Jochen arbeitet als Management Trainer und Coach f\u00fcr Challenge Learning. Im seinem Studium der Diplomsportwissenschaften liegen die Wurzeln seiner Begeisterung f\u00fcr das erfahrungsbasierte Lernen. Er gestaltet und begleitet Lern- und Entwicklungsprozesse f\u00fcr Menschen in Teams und Organisationen mit dem Ziel, dass Aufgaben erfolgreich bew\u00e4ltigt und neue Herausforderungen selbstbewusst und motiviert [&hellip;]<\/p>\n","protected":false},"author":4,"featured_media":0,"parent":0,"menu_order":0,"comment_status":"closed","ping_status":"closed","template":"","meta":{"_et_pb_use_builder":"on","_et_pb_old_content":"","_et_gb_content_width":"","footnotes":""},"class_list":["post-1042","page","type-page","status-publish","hentry"],"_links":{"self":[{"href":"https:\/\/challengelearning.com\/de\/wp-json\/wp\/v2\/pages\/1042","targetHints":{"allow":["GET"]}}],"collection":[{"href":"https:\/\/challengelearning.com\/de\/wp-json\/wp\/v2\/pages"}],"about":[{"href":"https:\/\/challengelearning.com\/de\/wp-json\/wp\/v2\/types\/page"}],"author":[{"embeddable":true,"href":"https:\/\/challengelearning.com\/de\/wp-json\/wp\/v2\/users\/4"}],"replies":[{"embeddable":true,"href":"https:\/\/challengelearning.com\/de\/wp-json\/wp\/v2\/comments?post=1042"}],"version-history":[{"count":2,"href":"https:\/\/challengelearning.com\/de\/wp-json\/wp\/v2\/pages\/1042\/revisions"}],"predecessor-version":[{"id":1045,"href":"https:\/\/challengelearning.com\/de\/wp-json\/wp\/v2\/pages\/1042\/revisions\/1045"}],"wp:attachment":[{"href":"https:\/\/challengelearning.com\/de\/wp-json\/wp\/v2\/media?parent=1042"}],"curies":[{"name":"wp","href":"https:\/\/api.w.org\/{rel}","templated":true}]}}