{"id":1029,"date":"2025-03-17T12:19:43","date_gmt":"2025-03-17T11:19:43","guid":{"rendered":"https:\/\/prototyp-2-website.spitzen-tech.de\/?page_id=1029"},"modified":"2025-03-17T12:19:49","modified_gmt":"2025-03-17T11:19:49","slug":"hans-christoph-gruendler","status":"publish","type":"page","link":"https:\/\/challengelearning.com\/de\/hans-christoph-gruendler\/","title":{"rendered":"Hans-Christoph Gr\u00fcndler"},"content":{"rendered":"<p>[et_pb_section fb_built=&#8220;1&#8243; _builder_version=&#8220;4.27.4&#8243; _module_preset=&#8220;default&#8220; global_colors_info=&#8220;{}&#8220; theme_builder_area=&#8220;post_content&#8220;][et_pb_row column_structure=&#8220;1_3,2_3&#8243; _builder_version=&#8220;4.27.4&#8243; _module_preset=&#8220;default&#8220; animation_style=&#8220;slide&#8220; animation_direction=&#8220;top&#8220; global_colors_info=&#8220;{}&#8220; theme_builder_area=&#8220;post_content&#8220;][et_pb_column type=&#8220;1_3&#8243; _builder_version=&#8220;4.27.4&#8243; _module_preset=&#8220;default&#8220; global_colors_info=&#8220;{}&#8220; theme_builder_area=&#8220;post_content&#8220;][et_pb_image src=&#8220;https:\/\/challengelearning.com\/wp-content\/uploads\/2025\/03\/Bild_Hans-Christoph-Gruendler.jpg&#8220; alt=&#8220;Bild_Hans-Christoph Gruendler&#8220; title_text=&#8220;Bild_Hans-Christoph Gruendler&#8220; _builder_version=&#8220;4.27.4&#8243; _module_preset=&#8220;default&#8220; animation_direction=&#8220;top&#8220; hover_enabled=&#8220;0&#8243; global_colors_info=&#8220;{}&#8220; theme_builder_area=&#8220;post_content&#8220; sticky_enabled=&#8220;0&#8243;][\/et_pb_image][\/et_pb_column][et_pb_column type=&#8220;2_3&#8243; _builder_version=&#8220;4.27.4&#8243; _module_preset=&#8220;default&#8220; global_colors_info=&#8220;{}&#8220; theme_builder_area=&#8220;post_content&#8220;][et_pb_text _builder_version=&#8220;4.27.4&#8243; _module_preset=&#8220;default&#8220; header_font=&#8220;|600|||||||&#8220; header_text_color=&#8220;#be2827&#8243; header_line_height=&#8220;1.3em&#8220; header_2_font_size=&#8220;22px&#8220; header_2_line_height=&#8220;1.5em&#8220; header_3_font_size=&#8220;20px&#8220; header_3_line_height=&#8220;1.3em&#8220; hover_enabled=&#8220;0&#8243; header_font_size_tablet=&#8220;&#8220; header_font_size_phone=&#8220;&#8220; header_font_size_last_edited=&#8220;on|phone&#8220; header_2_font_size_tablet=&#8220;22px&#8220; header_2_font_size_phone=&#8220;22px&#8220; header_2_font_size_last_edited=&#8220;on|phone&#8220; header_3_font_size_tablet=&#8220;20px&#8220; header_3_font_size_phone=&#8220;20px&#8220; header_3_font_size_last_edited=&#8220;on|phone&#8220; global_colors_info=&#8220;{}&#8220; theme_builder_area=&#8220;post_content&#8220; sticky_enabled=&#8220;0&#8243;]<\/p>\n<h1>Hans-Christoph Gr\u00fcndler<\/h1>\n<p>[\/et_pb_text][et_pb_text _builder_version=&#8220;4.27.4&#8243; _module_preset=&#8220;default&#8220; header_2_font=&#8220;|600|||||||&#8220; header_2_text_color=&#8220;#be2827&#8243; header_2_font_size=&#8220;40px&#8220; header_2_line_height=&#8220;1.5em&#8220; header_3_font_size=&#8220;30px&#8220; header_3_line_height=&#8220;1.5em&#8220; hover_enabled=&#8220;0&#8243; header_2_font_size_tablet=&#8220;35px&#8220; header_2_font_size_phone=&#8220;30px&#8220; header_2_font_size_last_edited=&#8220;on|phone&#8220; header_3_font_size_tablet=&#8220;&#8220; header_3_font_size_phone=&#8220;22px&#8220; header_3_font_size_last_edited=&#8220;on|desktop&#8220; global_colors_info=&#8220;{}&#8220; theme_builder_area=&#8220;post_content&#8220; sticky_enabled=&#8220;0&#8243;]<\/p>\n<p>Hans-Christoph Gr\u00fcndler ist f\u00fcr Challenge Learning als Senior \u2013 Berater und Trainer aktiv. Als Dipl. Wirtsch.-Inf. und Supply Chain Manager sind seine Schwerpunkte die Themen Projekt-, Prozess- und Supply Chain Management. Die damit verbundenen Ver\u00e4nderungen in Unternehmen stehen dabei immer mit im Fokus.<\/p>\n<p>Hans-Christoph greift dabei auf mehr als 20 Jahre Erfahrung als Berater und F\u00fchrungskraft in mittelst\u00e4ndischen Unternehmen zur\u00fcck. Au\u00dferdem vermittelt er diese Erfahrungen gepaart mit neuen wissenschaftlichen Erkenntnissen, nicht nur in Trainings- und Beratungsprojekten, sondern auch als Dozent f\u00fcr \u201eProzessmanagement\u201c und \u201eInternationale Produktion und Global Sourcing\u201c. In allen F\u00e4llen liegt der Fokus auf erprobt praxistaugliche und schnell wirksame Umsetzung der ausgearbeiteten L\u00f6sungen.<\/p>\n<p>In seiner Freizeit ist Hans-Christoph begeisterter Ausdauersportler, selbst an Marathons in alpinen Gefilden findet er gro\u00dfen Gefallen.<strong><\/strong><\/p>\n<p>[\/et_pb_text][\/et_pb_column][\/et_pb_row][\/et_pb_section]<\/p>\n","protected":false},"excerpt":{"rendered":"<p>Hans-Christoph Gr\u00fcndlerHans-Christoph Gr\u00fcndler ist f\u00fcr Challenge Learning als Senior \u2013 Berater und Trainer aktiv. Als Dipl. Wirtsch.-Inf. und Supply Chain Manager sind seine Schwerpunkte die Themen Projekt-, Prozess- und Supply Chain Management. Die damit verbundenen Ver\u00e4nderungen in Unternehmen stehen dabei immer mit im Fokus. Hans-Christoph greift dabei auf mehr als 20 Jahre Erfahrung als Berater [&hellip;]<\/p>\n","protected":false},"author":4,"featured_media":0,"parent":0,"menu_order":0,"comment_status":"closed","ping_status":"closed","template":"","meta":{"_et_pb_use_builder":"on","_et_pb_old_content":"","_et_gb_content_width":"","footnotes":""},"class_list":["post-1029","page","type-page","status-publish","hentry"],"_links":{"self":[{"href":"https:\/\/challengelearning.com\/de\/wp-json\/wp\/v2\/pages\/1029","targetHints":{"allow":["GET"]}}],"collection":[{"href":"https:\/\/challengelearning.com\/de\/wp-json\/wp\/v2\/pages"}],"about":[{"href":"https:\/\/challengelearning.com\/de\/wp-json\/wp\/v2\/types\/page"}],"author":[{"embeddable":true,"href":"https:\/\/challengelearning.com\/de\/wp-json\/wp\/v2\/users\/4"}],"replies":[{"embeddable":true,"href":"https:\/\/challengelearning.com\/de\/wp-json\/wp\/v2\/comments?post=1029"}],"version-history":[{"count":2,"href":"https:\/\/challengelearning.com\/de\/wp-json\/wp\/v2\/pages\/1029\/revisions"}],"predecessor-version":[{"id":1032,"href":"https:\/\/challengelearning.com\/de\/wp-json\/wp\/v2\/pages\/1029\/revisions\/1032"}],"wp:attachment":[{"href":"https:\/\/challengelearning.com\/de\/wp-json\/wp\/v2\/media?parent=1029"}],"curies":[{"name":"wp","href":"https:\/\/api.w.org\/{rel}","templated":true}]}}