{"id":1025,"date":"2025-03-17T12:15:51","date_gmt":"2025-03-17T11:15:51","guid":{"rendered":"https:\/\/prototyp-2-website.spitzen-tech.de\/?page_id=1025"},"modified":"2025-03-17T12:15:56","modified_gmt":"2025-03-17T11:15:56","slug":"maria-kaplan","status":"publish","type":"page","link":"https:\/\/challengelearning.com\/de\/maria-kaplan\/","title":{"rendered":"Maria Kaplan"},"content":{"rendered":"<p>[et_pb_section fb_built=&#8220;1&#8243; _builder_version=&#8220;4.27.4&#8243; _module_preset=&#8220;default&#8220; global_colors_info=&#8220;{}&#8220; theme_builder_area=&#8220;post_content&#8220;][et_pb_row column_structure=&#8220;1_3,2_3&#8243; _builder_version=&#8220;4.27.4&#8243; _module_preset=&#8220;default&#8220; animation_style=&#8220;slide&#8220; animation_direction=&#8220;top&#8220; global_colors_info=&#8220;{}&#8220; theme_builder_area=&#8220;post_content&#8220;][et_pb_column type=&#8220;1_3&#8243; _builder_version=&#8220;4.27.4&#8243; _module_preset=&#8220;default&#8220; global_colors_info=&#8220;{}&#8220; theme_builder_area=&#8220;post_content&#8220;][et_pb_image src=&#8220;https:\/\/challengelearning.com\/wp-content\/uploads\/2025\/03\/Bild_Maria-Kaplan.jpg&#8220; alt=&#8220;Bild_Maria Kaplan&#8220; title_text=&#8220;Bild_Maria Kaplan&#8220; _builder_version=&#8220;4.27.4&#8243; _module_preset=&#8220;default&#8220; animation_direction=&#8220;top&#8220; hover_enabled=&#8220;0&#8243; global_colors_info=&#8220;{}&#8220; theme_builder_area=&#8220;post_content&#8220; sticky_enabled=&#8220;0&#8243;][\/et_pb_image][\/et_pb_column][et_pb_column type=&#8220;2_3&#8243; _builder_version=&#8220;4.27.4&#8243; _module_preset=&#8220;default&#8220; global_colors_info=&#8220;{}&#8220; theme_builder_area=&#8220;post_content&#8220;][et_pb_text _builder_version=&#8220;4.27.4&#8243; _module_preset=&#8220;default&#8220; header_font=&#8220;|600|||||||&#8220; header_text_color=&#8220;#be2827&#8243; header_line_height=&#8220;1.3em&#8220; header_2_font_size=&#8220;22px&#8220; header_2_line_height=&#8220;1.5em&#8220; header_3_font_size=&#8220;20px&#8220; header_3_line_height=&#8220;1.3em&#8220; hover_enabled=&#8220;0&#8243; header_font_size_tablet=&#8220;&#8220; header_font_size_phone=&#8220;&#8220; header_font_size_last_edited=&#8220;on|phone&#8220; header_2_font_size_tablet=&#8220;22px&#8220; header_2_font_size_phone=&#8220;22px&#8220; header_2_font_size_last_edited=&#8220;on|phone&#8220; header_3_font_size_tablet=&#8220;20px&#8220; header_3_font_size_phone=&#8220;20px&#8220; header_3_font_size_last_edited=&#8220;on|phone&#8220; global_colors_info=&#8220;{}&#8220; theme_builder_area=&#8220;post_content&#8220; sticky_enabled=&#8220;0&#8243;]<\/p>\n<h1>Maria Kaplan<\/h1>\n<p>[\/et_pb_text][et_pb_text _builder_version=&#8220;4.27.4&#8243; _module_preset=&#8220;default&#8220; header_2_font=&#8220;|600|||||||&#8220; header_2_text_color=&#8220;#be2827&#8243; header_2_font_size=&#8220;40px&#8220; header_2_line_height=&#8220;1.5em&#8220; header_3_font_size=&#8220;30px&#8220; header_3_line_height=&#8220;1.5em&#8220; hover_enabled=&#8220;0&#8243; header_2_font_size_tablet=&#8220;35px&#8220; header_2_font_size_phone=&#8220;30px&#8220; header_2_font_size_last_edited=&#8220;on|phone&#8220; header_3_font_size_tablet=&#8220;&#8220; header_3_font_size_phone=&#8220;22px&#8220; header_3_font_size_last_edited=&#8220;on|desktop&#8220; global_colors_info=&#8220;{}&#8220; theme_builder_area=&#8220;post_content&#8220; sticky_enabled=&#8220;0&#8243;]<\/p>\n<p>Maria Kaplan arbeitet als Trainerin, Beraterin und systemischer Coach f\u00fcr Challenge Learning. Davor war sie in Industrieunternehmen in den Bereichen Marketing, Produktmanagement, internationaler Vertrieb und als Leitung einer Business Unit t\u00e4tig. Diese F\u00fchrungs- und Managementerfahrungen erm\u00f6glichen es Ihr, Teams und F\u00fchrungskr\u00e4fte durch Ver\u00e4nderungsprozesse authentisch zu begleiten und an den wesentlichen Anliegen der Beteiligten anzusetzen.<\/p>\n<p>Ihr besonderes Interesse gilt der Entwicklung einer effizienten Besprechungskultur, die Energien freisetzt und Freude macht. Daneben liegen ihr die F\u00fchrung durch Feedback-Kultur und die St\u00e4rkung junger F\u00fchrungskr\u00e4fte in ihrer Rolle am Herzen.<\/p>\n<p>Als Diplom-Kulturwirtin mit den Fremdsprachen englisch, franz\u00f6sisch, italienisch und tschechisch arbeitet Maria Kaplan besonders gerne auch an interkulturelle Themen und mit internationalem Publikum.<strong><\/strong><\/p>\n<p>[\/et_pb_text][\/et_pb_column][\/et_pb_row][\/et_pb_section]<\/p>\n","protected":false},"excerpt":{"rendered":"<p>Maria KaplanMaria Kaplan arbeitet als Trainerin, Beraterin und systemischer Coach f\u00fcr Challenge Learning. Davor war sie in Industrieunternehmen in den Bereichen Marketing, Produktmanagement, internationaler Vertrieb und als Leitung einer Business Unit t\u00e4tig. Diese F\u00fchrungs- und Managementerfahrungen erm\u00f6glichen es Ihr, Teams und F\u00fchrungskr\u00e4fte durch Ver\u00e4nderungsprozesse authentisch zu begleiten und an den wesentlichen Anliegen der Beteiligten anzusetzen. [&hellip;]<\/p>\n","protected":false},"author":4,"featured_media":0,"parent":0,"menu_order":0,"comment_status":"closed","ping_status":"closed","template":"","meta":{"_et_pb_use_builder":"on","_et_pb_old_content":"","_et_gb_content_width":"","footnotes":""},"class_list":["post-1025","page","type-page","status-publish","hentry"],"_links":{"self":[{"href":"https:\/\/challengelearning.com\/de\/wp-json\/wp\/v2\/pages\/1025","targetHints":{"allow":["GET"]}}],"collection":[{"href":"https:\/\/challengelearning.com\/de\/wp-json\/wp\/v2\/pages"}],"about":[{"href":"https:\/\/challengelearning.com\/de\/wp-json\/wp\/v2\/types\/page"}],"author":[{"embeddable":true,"href":"https:\/\/challengelearning.com\/de\/wp-json\/wp\/v2\/users\/4"}],"replies":[{"embeddable":true,"href":"https:\/\/challengelearning.com\/de\/wp-json\/wp\/v2\/comments?post=1025"}],"version-history":[{"count":2,"href":"https:\/\/challengelearning.com\/de\/wp-json\/wp\/v2\/pages\/1025\/revisions"}],"predecessor-version":[{"id":1028,"href":"https:\/\/challengelearning.com\/de\/wp-json\/wp\/v2\/pages\/1025\/revisions\/1028"}],"wp:attachment":[{"href":"https:\/\/challengelearning.com\/de\/wp-json\/wp\/v2\/media?parent=1025"}],"curies":[{"name":"wp","href":"https:\/\/api.w.org\/{rel}","templated":true}]}}