{"id":1017,"date":"2025-03-17T12:12:05","date_gmt":"2025-03-17T11:12:05","guid":{"rendered":"https:\/\/prototyp-2-website.spitzen-tech.de\/?page_id=1017"},"modified":"2025-03-17T12:12:11","modified_gmt":"2025-03-17T11:12:11","slug":"lothar-sippl","status":"publish","type":"page","link":"https:\/\/challengelearning.com\/de\/lothar-sippl\/","title":{"rendered":"Lothar Sippl"},"content":{"rendered":"<p>[et_pb_section fb_built=&#8220;1&#8243; _builder_version=&#8220;4.27.4&#8243; _module_preset=&#8220;default&#8220; global_colors_info=&#8220;{}&#8220; theme_builder_area=&#8220;post_content&#8220;][et_pb_row column_structure=&#8220;1_3,2_3&#8243; _builder_version=&#8220;4.27.4&#8243; _module_preset=&#8220;default&#8220; animation_style=&#8220;slide&#8220; animation_direction=&#8220;top&#8220; global_colors_info=&#8220;{}&#8220; theme_builder_area=&#8220;post_content&#8220;][et_pb_column type=&#8220;1_3&#8243; _builder_version=&#8220;4.27.4&#8243; _module_preset=&#8220;default&#8220; global_colors_info=&#8220;{}&#8220; theme_builder_area=&#8220;post_content&#8220;][et_pb_image src=&#8220;https:\/\/challengelearning.com\/wp-content\/uploads\/2025\/03\/Bild_Lothar-Sippl.jpg&#8220; alt=&#8220;Bild_Lothar Sippl&#8220; title_text=&#8220;Bild_Lothar Sippl&#8220; _builder_version=&#8220;4.27.4&#8243; _module_preset=&#8220;default&#8220; animation_direction=&#8220;top&#8220; hover_enabled=&#8220;0&#8243; global_colors_info=&#8220;{}&#8220; theme_builder_area=&#8220;post_content&#8220; sticky_enabled=&#8220;0&#8243;][\/et_pb_image][\/et_pb_column][et_pb_column type=&#8220;2_3&#8243; _builder_version=&#8220;4.27.4&#8243; _module_preset=&#8220;default&#8220; global_colors_info=&#8220;{}&#8220; theme_builder_area=&#8220;post_content&#8220;][et_pb_text _builder_version=&#8220;4.27.4&#8243; _module_preset=&#8220;default&#8220; header_font=&#8220;|600|||||||&#8220; header_text_color=&#8220;#be2827&#8243; header_line_height=&#8220;1.3em&#8220; header_2_font_size=&#8220;22px&#8220; header_2_line_height=&#8220;1.5em&#8220; header_3_font_size=&#8220;20px&#8220; header_3_line_height=&#8220;1.3em&#8220; hover_enabled=&#8220;0&#8243; header_font_size_tablet=&#8220;&#8220; header_font_size_phone=&#8220;&#8220; header_font_size_last_edited=&#8220;on|phone&#8220; header_2_font_size_tablet=&#8220;22px&#8220; header_2_font_size_phone=&#8220;22px&#8220; header_2_font_size_last_edited=&#8220;on|phone&#8220; header_3_font_size_tablet=&#8220;20px&#8220; header_3_font_size_phone=&#8220;20px&#8220; header_3_font_size_last_edited=&#8220;on|phone&#8220; global_colors_info=&#8220;{}&#8220; theme_builder_area=&#8220;post_content&#8220; sticky_enabled=&#8220;0&#8243;]<\/p>\n<h1>Lothar Sippl<\/h1>\n<p>[\/et_pb_text][et_pb_text _builder_version=&#8220;4.27.4&#8243; _module_preset=&#8220;default&#8220; header_2_font=&#8220;|600|||||||&#8220; header_2_text_color=&#8220;#be2827&#8243; header_2_font_size=&#8220;40px&#8220; header_2_line_height=&#8220;1.5em&#8220; header_3_font_size=&#8220;30px&#8220; header_3_line_height=&#8220;1.5em&#8220; hover_enabled=&#8220;0&#8243; header_2_font_size_tablet=&#8220;35px&#8220; header_2_font_size_phone=&#8220;30px&#8220; header_2_font_size_last_edited=&#8220;on|phone&#8220; header_3_font_size_tablet=&#8220;&#8220; header_3_font_size_phone=&#8220;22px&#8220; header_3_font_size_last_edited=&#8220;on|desktop&#8220; global_colors_info=&#8220;{}&#8220; theme_builder_area=&#8220;post_content&#8220; sticky_enabled=&#8220;0&#8243;]<\/p>\n<p>Lothar Sippl ist als Senior-Berater und Trainer f\u00fcr Challenge Learning International t\u00e4tig. Mehr als sieben Jahre in der Leitung eines gro\u00dfen Bildungszentrums bieten ihm einen wertvollen Erfahrungshintergrund um F\u00fchrungskr\u00e4fte optimal zu unterst\u00fctzen.<\/p>\n<p>Als studierter Organisationsentwickler und Erwachsenenbildner coacht, ber\u00e4t und trainiert er Menschen und Teams, die Ver\u00e4nderungen gestalten.<\/p>\n<p>Erg\u00e4nzend zu den Themen \u201eF\u00fchrung\u201c und \u201eChange\u201c begleitet Lothar Sippl Organisationen in ganz Europa in ihrer strategischen und organisationalen Entwicklung.<\/p>\n<p>Besonders gute R\u00fcckmeldungen bekommt er dabei f\u00fcr seine stets l\u00f6sungsorientierte, pragmatische und kreative Arbeitsweise.<strong><\/strong><\/p>\n<p>[\/et_pb_text][\/et_pb_column][\/et_pb_row][\/et_pb_section]<\/p>\n","protected":false},"excerpt":{"rendered":"<p>Lothar SipplLothar Sippl ist als Senior-Berater und Trainer f\u00fcr Challenge Learning International t\u00e4tig. Mehr als sieben Jahre in der Leitung eines gro\u00dfen Bildungszentrums bieten ihm einen wertvollen Erfahrungshintergrund um F\u00fchrungskr\u00e4fte optimal zu unterst\u00fctzen. Als studierter Organisationsentwickler und Erwachsenenbildner coacht, ber\u00e4t und trainiert er Menschen und Teams, die Ver\u00e4nderungen gestalten. Erg\u00e4nzend zu den Themen \u201eF\u00fchrung\u201c und [&hellip;]<\/p>\n","protected":false},"author":4,"featured_media":0,"parent":0,"menu_order":0,"comment_status":"closed","ping_status":"closed","template":"","meta":{"_et_pb_use_builder":"on","_et_pb_old_content":"","_et_gb_content_width":"","footnotes":""},"class_list":["post-1017","page","type-page","status-publish","hentry"],"_links":{"self":[{"href":"https:\/\/challengelearning.com\/de\/wp-json\/wp\/v2\/pages\/1017","targetHints":{"allow":["GET"]}}],"collection":[{"href":"https:\/\/challengelearning.com\/de\/wp-json\/wp\/v2\/pages"}],"about":[{"href":"https:\/\/challengelearning.com\/de\/wp-json\/wp\/v2\/types\/page"}],"author":[{"embeddable":true,"href":"https:\/\/challengelearning.com\/de\/wp-json\/wp\/v2\/users\/4"}],"replies":[{"embeddable":true,"href":"https:\/\/challengelearning.com\/de\/wp-json\/wp\/v2\/comments?post=1017"}],"version-history":[{"count":2,"href":"https:\/\/challengelearning.com\/de\/wp-json\/wp\/v2\/pages\/1017\/revisions"}],"predecessor-version":[{"id":1020,"href":"https:\/\/challengelearning.com\/de\/wp-json\/wp\/v2\/pages\/1017\/revisions\/1020"}],"wp:attachment":[{"href":"https:\/\/challengelearning.com\/de\/wp-json\/wp\/v2\/media?parent=1017"}],"curies":[{"name":"wp","href":"https:\/\/api.w.org\/{rel}","templated":true}]}}