{"id":1013,"date":"2025-03-17T12:09:19","date_gmt":"2025-03-17T11:09:19","guid":{"rendered":"https:\/\/prototyp-2-website.spitzen-tech.de\/?page_id=1013"},"modified":"2025-03-17T12:09:24","modified_gmt":"2025-03-17T11:09:24","slug":"philipp-hechenberger","status":"publish","type":"page","link":"https:\/\/challengelearning.com\/de\/philipp-hechenberger\/","title":{"rendered":"Philipp Hechenberger"},"content":{"rendered":"<p>[et_pb_section fb_built=&#8220;1&#8243; _builder_version=&#8220;4.27.4&#8243; _module_preset=&#8220;default&#8220; global_colors_info=&#8220;{}&#8220; theme_builder_area=&#8220;post_content&#8220;][et_pb_row column_structure=&#8220;1_3,2_3&#8243; _builder_version=&#8220;4.27.4&#8243; _module_preset=&#8220;default&#8220; animation_style=&#8220;slide&#8220; animation_direction=&#8220;top&#8220; global_colors_info=&#8220;{}&#8220; theme_builder_area=&#8220;post_content&#8220;][et_pb_column type=&#8220;1_3&#8243; _builder_version=&#8220;4.27.4&#8243; _module_preset=&#8220;default&#8220; global_colors_info=&#8220;{}&#8220; theme_builder_area=&#8220;post_content&#8220;][et_pb_image src=&#8220;https:\/\/challengelearning.com\/wp-content\/uploads\/2025\/03\/Bild_Philipp-Hechenberger.jpg&#8220; alt=&#8220;Bild_Philipp Hechenberger&#8220; title_text=&#8220;Bild_Philipp Hechenberger&#8220; _builder_version=&#8220;4.27.4&#8243; _module_preset=&#8220;default&#8220; animation_direction=&#8220;top&#8220; hover_enabled=&#8220;0&#8243; global_colors_info=&#8220;{}&#8220; theme_builder_area=&#8220;post_content&#8220; sticky_enabled=&#8220;0&#8243;][\/et_pb_image][\/et_pb_column][et_pb_column type=&#8220;2_3&#8243; _builder_version=&#8220;4.27.4&#8243; _module_preset=&#8220;default&#8220; global_colors_info=&#8220;{}&#8220; theme_builder_area=&#8220;post_content&#8220;][et_pb_text _builder_version=&#8220;4.27.4&#8243; _module_preset=&#8220;default&#8220; header_font=&#8220;|600|||||||&#8220; header_text_color=&#8220;#be2827&#8243; header_line_height=&#8220;1.3em&#8220; header_2_font_size=&#8220;22px&#8220; header_2_line_height=&#8220;1.5em&#8220; header_3_font_size=&#8220;20px&#8220; header_3_line_height=&#8220;1.3em&#8220; hover_enabled=&#8220;0&#8243; header_font_size_tablet=&#8220;&#8220; header_font_size_phone=&#8220;&#8220; header_font_size_last_edited=&#8220;on|phone&#8220; header_2_font_size_tablet=&#8220;22px&#8220; header_2_font_size_phone=&#8220;22px&#8220; header_2_font_size_last_edited=&#8220;on|phone&#8220; header_3_font_size_tablet=&#8220;20px&#8220; header_3_font_size_phone=&#8220;20px&#8220; header_3_font_size_last_edited=&#8220;on|phone&#8220; global_colors_info=&#8220;{}&#8220; theme_builder_area=&#8220;post_content&#8220; sticky_enabled=&#8220;0&#8243;]<\/p>\n<h1>Philipp Hechenberger<\/h1>\n<p>[\/et_pb_text][et_pb_text _builder_version=&#8220;4.27.4&#8243; _module_preset=&#8220;default&#8220; header_2_font=&#8220;|600|||||||&#8220; header_2_text_color=&#8220;#be2827&#8243; header_2_font_size=&#8220;40px&#8220; header_2_line_height=&#8220;1.5em&#8220; header_3_font_size=&#8220;30px&#8220; header_3_line_height=&#8220;1.5em&#8220; hover_enabled=&#8220;0&#8243; header_2_font_size_tablet=&#8220;35px&#8220; header_2_font_size_phone=&#8220;30px&#8220; header_2_font_size_last_edited=&#8220;on|phone&#8220; header_3_font_size_tablet=&#8220;&#8220; header_3_font_size_phone=&#8220;22px&#8220; header_3_font_size_last_edited=&#8220;on|desktop&#8220; global_colors_info=&#8220;{}&#8220; theme_builder_area=&#8220;post_content&#8220; sticky_enabled=&#8220;0&#8243;]<\/p>\n<p>Arbeitet als Trainer und Berater. Zu seinen T\u00e4tigkeitsbereichen z\u00e4hlen Themen der Personal-, Team- und Organisationsentwicklung. Immer mit dem Ziel, Menschen, Teams und Organisationen dazu zu bef\u00e4higen, ihre Aufgaben in betrieblichen Arbeitssystemen auf nachhaltige Weise effektiv und effizient zu bew\u00e4ltigen und sich neuen \u00f6konomischen, wie auch soziologischen Herausforderungen selbstbewusst und motiviert zu stellen.<\/p>\n<p>Seine Kompetenzen, die er heute vorrangig in der freien Wirtschaft, wie auch in Feldern des \u00f6ffentlichen Dienstes einsetzt, st\u00fctzen sich u.a. auf die langj\u00e4hrige Praxiserfahrung im internationalen Spitzensport als Athlet und Trainer. W\u00e4hrend seiner Ausbildung zum Diplom-Sportwissenschaftler und bei einer Vielzahl von Weiterbildungsma\u00dfnahmen erweiterte er sein Wissen in den Bereichen Psychologie, P\u00e4dagogik, Soziologie, Wertsch\u00f6pfungsmanagement, F\u00fchrung und Trainingssteuerung. Sehr gute R\u00fcckmeldung bekommt er f\u00fcr seine l\u00f6sungsfokussierte und hochmotivierende Art im Umgang mit Menschen.<strong><\/strong><\/p>\n<p>[\/et_pb_text][\/et_pb_column][\/et_pb_row][\/et_pb_section]<\/p>\n","protected":false},"excerpt":{"rendered":"<p>Philipp HechenbergerArbeitet als Trainer und Berater. Zu seinen T\u00e4tigkeitsbereichen z\u00e4hlen Themen der Personal-, Team- und Organisationsentwicklung. Immer mit dem Ziel, Menschen, Teams und Organisationen dazu zu bef\u00e4higen, ihre Aufgaben in betrieblichen Arbeitssystemen auf nachhaltige Weise effektiv und effizient zu bew\u00e4ltigen und sich neuen \u00f6konomischen, wie auch soziologischen Herausforderungen selbstbewusst und motiviert zu stellen. Seine Kompetenzen, [&hellip;]<\/p>\n","protected":false},"author":4,"featured_media":0,"parent":0,"menu_order":0,"comment_status":"closed","ping_status":"closed","template":"","meta":{"_et_pb_use_builder":"on","_et_pb_old_content":"","_et_gb_content_width":"","footnotes":""},"class_list":["post-1013","page","type-page","status-publish","hentry"],"_links":{"self":[{"href":"https:\/\/challengelearning.com\/de\/wp-json\/wp\/v2\/pages\/1013","targetHints":{"allow":["GET"]}}],"collection":[{"href":"https:\/\/challengelearning.com\/de\/wp-json\/wp\/v2\/pages"}],"about":[{"href":"https:\/\/challengelearning.com\/de\/wp-json\/wp\/v2\/types\/page"}],"author":[{"embeddable":true,"href":"https:\/\/challengelearning.com\/de\/wp-json\/wp\/v2\/users\/4"}],"replies":[{"embeddable":true,"href":"https:\/\/challengelearning.com\/de\/wp-json\/wp\/v2\/comments?post=1013"}],"version-history":[{"count":2,"href":"https:\/\/challengelearning.com\/de\/wp-json\/wp\/v2\/pages\/1013\/revisions"}],"predecessor-version":[{"id":1016,"href":"https:\/\/challengelearning.com\/de\/wp-json\/wp\/v2\/pages\/1013\/revisions\/1016"}],"wp:attachment":[{"href":"https:\/\/challengelearning.com\/de\/wp-json\/wp\/v2\/media?parent=1013"}],"curies":[{"name":"wp","href":"https:\/\/api.w.org\/{rel}","templated":true}]}}