{"id":1009,"date":"2025-03-17T12:07:38","date_gmt":"2025-03-17T11:07:38","guid":{"rendered":"https:\/\/prototyp-2-website.spitzen-tech.de\/?page_id=1009"},"modified":"2025-03-17T12:32:05","modified_gmt":"2025-03-17T11:32:05","slug":"dr-cornelia-schoedlbauer","status":"publish","type":"page","link":"https:\/\/challengelearning.com\/de\/dr-cornelia-schoedlbauer\/","title":{"rendered":"Dr Cornelia Sch\u00f6dlbauer"},"content":{"rendered":"\n[et_pb_section fb_built=&#8220;1&#8243; _builder_version=&#8220;4.27.4&#8243; _module_preset=&#8220;default&#8220; global_colors_info=&#8220;{}&#8220; theme_builder_area=&#8220;post_content&#8220;][et_pb_row column_structure=&#8220;1_3,2_3&#8243; _builder_version=&#8220;4.27.4&#8243; _module_preset=&#8220;default&#8220; animation_style=&#8220;slide&#8220; animation_direction=&#8220;top&#8220; global_colors_info=&#8220;{}&#8220; theme_builder_area=&#8220;post_content&#8220;][et_pb_column type=&#8220;1_3&#8243; _builder_version=&#8220;4.27.4&#8243; _module_preset=&#8220;default&#8220; global_colors_info=&#8220;{}&#8220; theme_builder_area=&#8220;post_content&#8220;][et_pb_image src=&#8220;https:\/\/challengelearning.com\/wp-content\/uploads\/2025\/03\/Bild_Dr-Cornelia-Schoedlbauer.jpg&#8220; alt=&#8220;Bild_Dr Cornelia Schoedlbauer&#8220; title_text=&#8220;Bild_Dr Cornelia Schoedlbauer&#8220; _builder_version=&#8220;4.27.4&#8243; _module_preset=&#8220;default&#8220; animation_direction=&#8220;top&#8220; hover_enabled=&#8220;0&#8243; global_colors_info=&#8220;{}&#8220; theme_builder_area=&#8220;post_content&#8220; sticky_enabled=&#8220;0&#8243;][\/et_pb_image][\/et_pb_column][et_pb_column type=&#8220;2_3&#8243; _builder_version=&#8220;4.27.4&#8243; _module_preset=&#8220;default&#8220; global_colors_info=&#8220;{}&#8220; theme_builder_area=&#8220;post_content&#8220;][et_pb_text _builder_version=&#8220;4.27.4&#8243; _module_preset=&#8220;default&#8220; header_font=&#8220;|600|||||||&#8220; header_text_color=&#8220;#be2827&#8243; header_line_height=&#8220;1.3em&#8220; header_2_font_size=&#8220;22px&#8220; header_2_line_height=&#8220;1.5em&#8220; header_3_font_size=&#8220;20px&#8220; header_3_line_height=&#8220;1.3em&#8220; hover_enabled=&#8220;0&#8243; header_font_size_tablet=&#8220;&#8220; header_font_size_phone=&#8220;&#8220; header_font_size_last_edited=&#8220;on|phone&#8220; header_2_font_size_tablet=&#8220;22px&#8220; header_2_font_size_phone=&#8220;22px&#8220; header_2_font_size_last_edited=&#8220;on|phone&#8220; header_3_font_size_tablet=&#8220;20px&#8220; header_3_font_size_phone=&#8220;20px&#8220; header_3_font_size_last_edited=&#8220;on|phone&#8220; global_colors_info=&#8220;{}&#8220; theme_builder_area=&#8220;post_content&#8220; sticky_enabled=&#8220;0&#8243;]<h1>Dr. Cornelia Sch\u00f6dlbauer<\/h1>[\/et_pb_text][et_pb_text _builder_version=&#8220;4.27.4&#8243; _module_preset=&#8220;default&#8220; header_2_font=&#8220;|600|||||||&#8220; header_2_text_color=&#8220;#be2827&#8243; header_2_font_size=&#8220;40px&#8220; header_2_line_height=&#8220;1.5em&#8220; header_3_font_size=&#8220;30px&#8220; header_3_line_height=&#8220;1.5em&#8220; hover_enabled=&#8220;0&#8243; header_2_font_size_tablet=&#8220;35px&#8220; header_2_font_size_phone=&#8220;30px&#8220; header_2_font_size_last_edited=&#8220;on|phone&#8220; header_3_font_size_tablet=&#8220;&#8220; header_3_font_size_phone=&#8220;22px&#8220; header_3_font_size_last_edited=&#8220;on|desktop&#8220; global_colors_info=&#8220;{}&#8220; theme_builder_area=&#8220;post_content&#8220; sticky_enabled=&#8220;0&#8243;]<p>Cornelia Sch\u00f6dlbauer unterst\u00fctzt Organisationen und ihre Manager in herausfordernden Situationen und Ver\u00e4nderungsprozessen.<\/p>\n<p>Sie ist zertifiziert als Systemischer Management Coach und verf\u00fcgt \u00fcber eine ausgewiesene Expertise als Change Management Begleiterin. Als Moderatorin von Gruppen- und Entscheidungsprozessen bei kleinen und gro\u00dfen Gruppen entstehen nachhaltige und im graphic recording dokumentierte Ergebnisse.<\/p>\n<p>Cornelia bildet sich permanent weiter und erstellt praxisnahe Change Architekturen auf wissenschaftlich fundierter Basis. Sie arbeitet seit 2000 als Trainerin, Beraterin und Coach. Privat liebt sie das Unterwegssein in der Natur vor allem mit dem Bike.<strong><\/strong><\/p>[\/et_pb_text][\/et_pb_column][\/et_pb_row][\/et_pb_section]\n","protected":false},"excerpt":{"rendered":"<p>Dr. Cornelia Sch\u00f6dlbauerCornelia Sch\u00f6dlbauer unterst\u00fctzt Organisationen und ihre Manager in herausfordernden Situationen und Ver\u00e4nderungsprozessen. Sie ist zertifiziert als Systemischer Management Coach und verf\u00fcgt \u00fcber eine ausgewiesene Expertise als Change Management Begleiterin. Als Moderatorin von Gruppen- und Entscheidungsprozessen bei kleinen und gro\u00dfen Gruppen entstehen nachhaltige und im graphic recording dokumentierte Ergebnisse. Cornelia bildet sich permanent weiter [&hellip;]<\/p>\n","protected":false},"author":4,"featured_media":0,"parent":0,"menu_order":0,"comment_status":"closed","ping_status":"closed","template":"","meta":{"_et_pb_use_builder":"on","_et_pb_old_content":"","_et_gb_content_width":"","footnotes":""},"class_list":["post-1009","page","type-page","status-publish","hentry"],"_links":{"self":[{"href":"https:\/\/challengelearning.com\/de\/wp-json\/wp\/v2\/pages\/1009","targetHints":{"allow":["GET"]}}],"collection":[{"href":"https:\/\/challengelearning.com\/de\/wp-json\/wp\/v2\/pages"}],"about":[{"href":"https:\/\/challengelearning.com\/de\/wp-json\/wp\/v2\/types\/page"}],"author":[{"embeddable":true,"href":"https:\/\/challengelearning.com\/de\/wp-json\/wp\/v2\/users\/4"}],"replies":[{"embeddable":true,"href":"https:\/\/challengelearning.com\/de\/wp-json\/wp\/v2\/comments?post=1009"}],"version-history":[{"count":3,"href":"https:\/\/challengelearning.com\/de\/wp-json\/wp\/v2\/pages\/1009\/revisions"}],"predecessor-version":[{"id":1058,"href":"https:\/\/challengelearning.com\/de\/wp-json\/wp\/v2\/pages\/1009\/revisions\/1058"}],"wp:attachment":[{"href":"https:\/\/challengelearning.com\/de\/wp-json\/wp\/v2\/media?parent=1009"}],"curies":[{"name":"wp","href":"https:\/\/api.w.org\/{rel}","templated":true}]}}